{"id":7375,"date":"2025-01-27T16:54:21","date_gmt":"2025-01-27T15:54:21","guid":{"rendered":"https:\/\/cabanasdevendaval.com\/apartamentos\/"},"modified":"2025-01-27T16:54:35","modified_gmt":"2025-01-27T15:54:35","slug":"apartamentos","status":"publish","type":"page","link":"https:\/\/cabanasdevendaval.com\/gl\/apartamentos\/","title":{"rendered":"Apartamentos"},"content":{"rendered":"\t\t<div data-elementor-type=\"wp-page\" data-elementor-id=\"7375\" class=\"elementor elementor-7375 elementor-7317\">\n\t\t\t\t\t\t<section class=\"elementor-section elementor-top-section elementor-element elementor-element-681d0ec2 elementor-section-full_width elementor-section-stretched elementor-section-height-default elementor-section-height-default\" data-id=\"681d0ec2\" data-element_type=\"section\" data-e-type=\"section\" data-settings=\"{&quot;stretch_section&quot;:&quot;section-stretched&quot;}\">\n\t\t\t\t\t\t<div class=\"elementor-container elementor-column-gap-default\">\n\t\t\t\t\t<div class=\"elementor-column elementor-col-100 elementor-top-column elementor-element elementor-element-276d7353\" data-id=\"276d7353\" data-element_type=\"column\" data-e-type=\"column\">\n\t\t\t<div class=\"elementor-widget-wrap elementor-element-populated\">\n\t\t\t\t\t\t<div class=\"elementor-element elementor-element-48a657a elementor-widget elementor-widget-mphbe-rooms\" data-id=\"48a657a\" data-element_type=\"widget\" data-e-type=\"widget\" data-widget_type=\"mphbe-rooms.default\">\n\t\t\t\t<div class=\"elementor-widget-container\">\n\t\t\t\t\t<div class=\"mphb_sc_rooms-wrapper mphb-room-types \">\t<div class=\"mphb-room-types-wrapper\">\r\n\t\r\n<div class=\"mphb-room-type post-7369 mphb_room_type type-mphb_room_type status-publish has-post-thumbnail mphb_room_type_category-apartamento-gl mphb_room_type_tag-apartamento-gl mphb_room_type_facility-cocina-gl mphb_room_type_facility-exprimidor-gl mphb_room_type_facility-forno-microondas mphb_room_type_facility-frigorifico-conxelador mphb_room_type_facility-lavalouzas mphb_room_type_facility-tostadora-gl mphb-room-type-adults-4 mphb-room-type-children-0\">\r\n\r\n                <div class=\"room-images-wrapper\">\r\n            \r\n\r\n\t<p class=\"post-thumbnail mphb-loop-room-thumbnail\">\r\n\t<a href=\"https:\/\/cabanasdevendaval.com\/gl\/accommodation\/apartamento-solpor\/\">\r\n\t<img fetchpriority=\"high\" decoding=\"async\" width=\"992\" height=\"992\" src=\"https:\/\/cabanasdevendaval.com\/wp-content\/uploads\/2025\/01\/apartamento-solpor-1-992x992.jpg\" class=\"attachment-luviana-square size-luviana-square wp-post-image\" alt=\"Apartamento Solpor en Malpica de Berganti\u00f1os\" srcset=\"https:\/\/cabanasdevendaval.com\/wp-content\/uploads\/2025\/01\/apartamento-solpor-1-992x992.jpg 992w, https:\/\/cabanasdevendaval.com\/wp-content\/uploads\/2025\/01\/apartamento-solpor-1-150x150.jpg 150w, https:\/\/cabanasdevendaval.com\/wp-content\/uploads\/2025\/01\/apartamento-solpor-1-300x300.jpg 300w, https:\/\/cabanasdevendaval.com\/wp-content\/uploads\/2025\/01\/apartamento-solpor-1-100x100.jpg 100w\" sizes=\"(max-width: 992px) 100vw, 992px\" \/>\t<\/a>\r\n\r\n\t<\/p>\r\n        <\/div>\r\n                <div class=\"room-description-wrapper\">\r\n            <div class=\"room-description-inner-wrapper\">\r\n                                    <div class=\"room-details\">\r\n                        \r\n<h2 class=\"mphb-room-type-title entry-title\">\r\n\r\n<a class=\"mphb-room-type-title\" href=\"https:\/\/cabanasdevendaval.com\/gl\/accommodation\/apartamento-solpor\/\">Apartamento Solpor<\/a>\r\n\r\n<\/h2>\r\n\r\n<p>O Apartamento Solpor est\u00e1 situado en Malpica de Berganti\u00f1os, a 3 minutos andando da Praia de Area Maior e xunto o porto. Este apartamento de 1 dormitorio est\u00e1 situado no 2\u00ba piso e ofrece TV de pantalla plana, aire acondicionado, sala de estar con sof\u00e1 cama e ba\u00f1o. Ten capacidade para 4 persoas. A coci\u00f1a [&hellip;]<\/p>\n\r\n\r\n<h3 class=\"mphb-room-type-details-title\">Details<\/h3><ul class=\"mphb-loop-room-type-attributes\">\r\n\r\n\r\n\r\n\t<li class=\"mphb-room-type-adults-capacity\"><span class=\"mphb-attribute-title mphb-adults-title\">H\u00f3spedes:<\/span><span class=\"mphb-attribute-value\">\r\n\t4\r\n\t<\/span><\/li>\r\n\r\n\r\n\r\n\r\n\r\n\r\n\r\n\r\n\t<li class=\"mphb-room-type-categories\"><span class=\"mphb-attribute-title mphb-categories-title\">Categories:<\/span><span class=\"mphb-attribute-value\"> <span class=\"category-apartamento-gl\"><a href=\"https:\/\/cabanasdevendaval.com\/gl\/categoria-aloxamento\/apartamento-gl\/\">Apartamento<\/a><\/span><\/span><\/li>\r\n\r\n\r\n\t<li class=\"mphb-room-type-facilities\"><span class=\"mphb-attribute-title mphb-facilities-title\">Amenities:<\/span><span class=\"mphb-attribute-value\"> <span class=\"facility-cocina-gl\"><a href=\"https:\/\/cabanasdevendaval.com\/gl\/accommodation-facility\/cocina-gl\/\">coci\u00f1a<\/a><\/span>, <span class=\"facility-exprimidor-gl\"><a href=\"https:\/\/cabanasdevendaval.com\/gl\/accommodation-facility\/exprimidor-gl\/\">exprimidor<\/a><\/span>, <span class=\"facility-forno-microondas\"><a href=\"https:\/\/cabanasdevendaval.com\/gl\/accommodation-facility\/forno-microondas\/\">forno microondas<\/a><\/span>, <span class=\"facility-frigorifico-conxelador\"><a href=\"https:\/\/cabanasdevendaval.com\/gl\/accommodation-facility\/frigorifico-conxelador\/\">frigor\u00edfico con conxelador<\/a><\/span>, <span class=\"facility-lavalouzas\"><a href=\"https:\/\/cabanasdevendaval.com\/gl\/accommodation-facility\/lavalouzas\/\">lavalouzas<\/a><\/span>, <span class=\"facility-tostadora-gl\"><a href=\"https:\/\/cabanasdevendaval.com\/gl\/accommodation-facility\/tostadora-gl\/\">tostadora<\/a><\/span><\/span><\/li>\r\n\r\n<\/ul>                    <\/div>\r\n                                    <div class=\"room-booking-details\">\r\n                        \r\n\r\n<div class=\"mphb-to-book-btn-wrapper\">\r\n<form action=\"https:\/\/cabanasdevendaval.com\/gl\/accommodation\/apartamento-solpor\/#booking-form-7369\" method=\"get\" ><button type=\"submit\" class=\"button mphb-book-button\" >Reservar<\/button><\/form>\r\n<br\/><\/div>\r\n<p class=\"mphb-view-details-button-wrapper\">\r\n<a class=\"button mphb-view-details-button\" href=\"https:\/\/cabanasdevendaval.com\/gl\/accommodation\/apartamento-solpor\/\" >Ver Detalles<\/a>\r\n<\/p>                    <\/div>\r\n                            <\/div>\r\n        <\/div>\r\n    \r\n    \r\n<\/div>\r\n\r\n\r\n<div class=\"mphb-room-type post-7371 mphb_room_type type-mphb_room_type status-publish has-post-thumbnail mphb_room_type_category-apartamento-gl mphb_room_type_tag-apartamento-gl mphb_room_type_facility-cocina-gl mphb_room_type_facility-exprimidor-gl mphb_room_type_facility-forno-microondas mphb_room_type_facility-frigorifico-conxelador mphb_room_type_facility-lavalouzas mphb_room_type_facility-tostadora-gl mphb-room-type-adults-5 mphb-room-type-children-0\">\r\n\r\n                <div class=\"room-images-wrapper\">\r\n            \r\n\r\n\t<p class=\"post-thumbnail mphb-loop-room-thumbnail\">\r\n\t<a href=\"https:\/\/cabanasdevendaval.com\/gl\/accommodation\/apartamento-mencer\/\">\r\n\t<img decoding=\"async\" width=\"992\" height=\"992\" src=\"https:\/\/cabanasdevendaval.com\/wp-content\/uploads\/2025\/01\/apartamento-mencer-1-992x992.jpg\" class=\"attachment-luviana-square size-luviana-square wp-post-image\" alt=\"Apartamento Mencer en Malpica de Berganti\u00f1os\" srcset=\"https:\/\/cabanasdevendaval.com\/wp-content\/uploads\/2025\/01\/apartamento-mencer-1-992x992.jpg 992w, https:\/\/cabanasdevendaval.com\/wp-content\/uploads\/2025\/01\/apartamento-mencer-1-150x150.jpg 150w, https:\/\/cabanasdevendaval.com\/wp-content\/uploads\/2025\/01\/apartamento-mencer-1-300x300.jpg 300w, https:\/\/cabanasdevendaval.com\/wp-content\/uploads\/2025\/01\/apartamento-mencer-1-100x100.jpg 100w\" sizes=\"(max-width: 992px) 100vw, 992px\" \/>\t<\/a>\r\n\r\n\t<\/p>\r\n        <\/div>\r\n                <div class=\"room-description-wrapper\">\r\n            <div class=\"room-description-inner-wrapper\">\r\n                                    <div class=\"room-details\">\r\n                        \r\n<h2 class=\"mphb-room-type-title entry-title\">\r\n\r\n<a class=\"mphb-room-type-title\" href=\"https:\/\/cabanasdevendaval.com\/gl\/accommodation\/apartamento-mencer\/\">Apartamento Mencer<\/a>\r\n\r\n<\/h2>\r\n\r\n<p>O Apartamento Mencer est\u00e1 situado en Malpica de Berganti\u00f1os, a 3 minutos a p\u00e9 da Praia de Area Maior e xunto o porto. O apartamento est\u00e1 no 1\u00ba piso. Disp\u00f3n de 2 dormitorios (cama de matrimonio e 3 camas individuais), coci\u00f1a totalmente equipada con frigor\u00edfico e lavalouza, e 1 ba\u00f1o con ducha e secador de [&hellip;]<\/p>\n\r\n\r\n<h3 class=\"mphb-room-type-details-title\">Details<\/h3><ul class=\"mphb-loop-room-type-attributes\">\r\n\r\n\r\n\r\n\t<li class=\"mphb-room-type-adults-capacity\"><span class=\"mphb-attribute-title mphb-adults-title\">H\u00f3spedes:<\/span><span class=\"mphb-attribute-value\">\r\n\t5\r\n\t<\/span><\/li>\r\n\r\n\r\n\r\n\r\n\r\n\r\n\r\n\r\n\t<li class=\"mphb-room-type-categories\"><span class=\"mphb-attribute-title mphb-categories-title\">Categories:<\/span><span class=\"mphb-attribute-value\"> <span class=\"category-apartamento-gl\"><a href=\"https:\/\/cabanasdevendaval.com\/gl\/categoria-aloxamento\/apartamento-gl\/\">Apartamento<\/a><\/span><\/span><\/li>\r\n\r\n\r\n\t<li class=\"mphb-room-type-facilities\"><span class=\"mphb-attribute-title mphb-facilities-title\">Amenities:<\/span><span class=\"mphb-attribute-value\"> <span class=\"facility-cocina-gl\"><a href=\"https:\/\/cabanasdevendaval.com\/gl\/accommodation-facility\/cocina-gl\/\">coci\u00f1a<\/a><\/span>, <span class=\"facility-exprimidor-gl\"><a href=\"https:\/\/cabanasdevendaval.com\/gl\/accommodation-facility\/exprimidor-gl\/\">exprimidor<\/a><\/span>, <span class=\"facility-forno-microondas\"><a href=\"https:\/\/cabanasdevendaval.com\/gl\/accommodation-facility\/forno-microondas\/\">forno microondas<\/a><\/span>, <span class=\"facility-frigorifico-conxelador\"><a href=\"https:\/\/cabanasdevendaval.com\/gl\/accommodation-facility\/frigorifico-conxelador\/\">frigor\u00edfico con conxelador<\/a><\/span>, <span class=\"facility-lavalouzas\"><a href=\"https:\/\/cabanasdevendaval.com\/gl\/accommodation-facility\/lavalouzas\/\">lavalouzas<\/a><\/span>, <span class=\"facility-tostadora-gl\"><a href=\"https:\/\/cabanasdevendaval.com\/gl\/accommodation-facility\/tostadora-gl\/\">tostadora<\/a><\/span><\/span><\/li>\r\n\r\n<\/ul>                    <\/div>\r\n                                    <div class=\"room-booking-details\">\r\n                        \r\n\r\n<div class=\"mphb-to-book-btn-wrapper\">\r\n<form action=\"https:\/\/cabanasdevendaval.com\/gl\/accommodation\/apartamento-mencer\/#booking-form-7371\" method=\"get\" ><button type=\"submit\" class=\"button mphb-book-button\" >Reservar<\/button><\/form>\r\n<br\/><\/div>\r\n<p class=\"mphb-view-details-button-wrapper\">\r\n<a class=\"button mphb-view-details-button\" href=\"https:\/\/cabanasdevendaval.com\/gl\/accommodation\/apartamento-mencer\/\" >Ver Detalles<\/a>\r\n<\/p>                    <\/div>\r\n                            <\/div>\r\n        <\/div>\r\n    \r\n    \r\n<\/div>\r\n\r\n\t<\/div>\r\n\t<\/div>\t\t\t\t<\/div>\n\t\t\t\t<\/div>\n\t\t\t\t\t<\/div>\n\t\t<\/div>\n\t\t\t\t\t<\/div>\n\t\t<\/section>\n\t\t\t\t<section class=\"elementor-section elementor-top-section elementor-element elementor-element-7042eb08 elementor-section-full_width elementor-section-stretched elementor-section-height-default elementor-section-height-default\" data-id=\"7042eb08\" data-element_type=\"section\" data-e-type=\"section\" data-settings=\"{&quot;stretch_section&quot;:&quot;section-stretched&quot;}\">\n\t\t\t\t\t\t<div class=\"elementor-container elementor-column-gap-default\">\n\t\t\t\t\t<div class=\"elementor-column elementor-col-100 elementor-top-column elementor-element elementor-element-bc2741d\" data-id=\"bc2741d\" data-element_type=\"column\" data-e-type=\"column\">\n\t\t\t<div class=\"elementor-widget-wrap\">\n\t\t\t\t\t\t\t<\/div>\n\t\t<\/div>\n\t\t\t\t\t<\/div>\n\t\t<\/section>\n\t\t\t\t<\/div>\n\t\t","protected":false},"excerpt":{"rendered":"<p>Apartamento Mencer El Apartamento Mencer est\u00e1 en Malpica de Berganti\u00f1os, a 3 min a pie de Praia de Area Maior y al lado del puerto. El apartamento es un 1\u00ba piso. Tiene 2 dormitorios (cama de matrimonio y 3 camas individuales), una cocina totalmente equipada con nevera y lavavajillas, y 1 ba\u00f1o con ducha y [&hellip;]<\/p>\n","protected":false},"author":1,"featured_media":0,"parent":0,"menu_order":0,"comment_status":"closed","ping_status":"closed","template":"","meta":{"inline_featured_image":false,"footnotes":""},"class_list":["post-7375","page","type-page","status-publish","hentry"],"_links":{"self":[{"href":"https:\/\/cabanasdevendaval.com\/gl\/wp-json\/wp\/v2\/pages\/7375"}],"collection":[{"href":"https:\/\/cabanasdevendaval.com\/gl\/wp-json\/wp\/v2\/pages"}],"about":[{"href":"https:\/\/cabanasdevendaval.com\/gl\/wp-json\/wp\/v2\/types\/page"}],"author":[{"embeddable":true,"href":"https:\/\/cabanasdevendaval.com\/gl\/wp-json\/wp\/v2\/users\/1"}],"replies":[{"embeddable":true,"href":"https:\/\/cabanasdevendaval.com\/gl\/wp-json\/wp\/v2\/comments?post=7375"}],"version-history":[{"count":2,"href":"https:\/\/cabanasdevendaval.com\/gl\/wp-json\/wp\/v2\/pages\/7375\/revisions"}],"predecessor-version":[{"id":7377,"href":"https:\/\/cabanasdevendaval.com\/gl\/wp-json\/wp\/v2\/pages\/7375\/revisions\/7377"}],"wp:attachment":[{"href":"https:\/\/cabanasdevendaval.com\/gl\/wp-json\/wp\/v2\/media?parent=7375"}],"curies":[{"name":"wp","href":"https:\/\/api.w.org\/{rel}","templated":true}]}}