{"id":6830,"date":"2024-08-05T13:22:14","date_gmt":"2024-08-05T11:22:14","guid":{"rendered":"https:\/\/cabanasdevendaval.com\/politica-de-privacidad-de-redes-sociales\/"},"modified":"2024-08-05T18:23:26","modified_gmt":"2024-08-05T16:23:26","slug":"politica-de-privacidade-de-redes-sociais","status":"publish","type":"page","link":"https:\/\/cabanasdevendaval.com\/gl\/politica-de-privacidade-de-redes-sociais\/","title":{"rendered":"Pol\u00edtica de privacidade de redes sociais"},"content":{"rendered":"\t\t<div data-elementor-type=\"wp-page\" data-elementor-id=\"6830\" class=\"elementor elementor-6830 elementor-6825\">\n\t\t\t\t\t\t<section class=\"elementor-section elementor-top-section elementor-element elementor-element-22328528 elementor-section-boxed elementor-section-height-default elementor-section-height-default\" data-id=\"22328528\" data-element_type=\"section\" data-e-type=\"section\">\n\t\t\t\t\t\t<div class=\"elementor-container elementor-column-gap-default\">\n\t\t\t\t\t<div class=\"elementor-column elementor-col-100 elementor-top-column elementor-element elementor-element-58dc3bbc\" data-id=\"58dc3bbc\" data-element_type=\"column\" data-e-type=\"column\">\n\t\t\t<div class=\"elementor-widget-wrap elementor-element-populated\">\n\t\t\t\t\t\t<div class=\"elementor-element elementor-element-15a7f57c elementor-widget elementor-widget-text-editor\" data-id=\"15a7f57c\" data-element_type=\"widget\" data-e-type=\"widget\" data-widget_type=\"text-editor.default\">\n\t\t\t\t<div class=\"elementor-widget-container\">\n\t\t\t\t\t\t\t\t\t<p>De conformidade co disposto na normativa vixente e aplicable en materia de Protecci\u00f3n de Datos de Car\u00e1cter Persoal, Regulamento Xeral de Protecci\u00f3n de Datos 2016\/679 (RGPD) e a Lei Org\u00e1nica 3\/2018, do 5 de decembro, de protecci\u00f3n de datos de car\u00e1cter persoal e garant\u00eda dos dereitos dixitais (LOPDGDD), e a Lei 34\/2002, do 11 de xullo, de Servizos da Sociedade da Informaci\u00f3n e de Comercio Electr\u00f3nico (LSSI-CE), MARIA BEATRIZ VERDES VEIGA informa aos usuarios de que procedeu a crear un perfil nas Redes Sociais Facebook, Instagram, co obxectivo principal de publicitar os seus produtos e servizos.<\/p><p><strong>Datos da entidade:<\/strong><\/p><p><strong>Raz\u00f3n social:<\/strong> MARIA BEATRIZ VERDES VEIGA<br \/><strong>Denominaci\u00f3n comercial:<\/strong> CABANAS DE VENDAVAL<br \/><strong>C.I.F.:<\/strong> 47358165S<br \/><strong>Domicilio social:<\/strong> CALLE PORTO DE BARIZO 10A 15113 &#8211; BARIZO &#8211; MALPICA DE BERGANTI\u00d1OS (A CORU\u00d1A)<br \/><strong>Tel\u00e9fono:<\/strong> 619148612<br \/><strong>Correo electr\u00f3nico para efectos de comunicaci\u00f3n:<\/strong> info@cabanasdevendaval.com<br \/><strong>Dominio WEB:<\/strong> www.cabanasdevendaval.com<\/p><p>O usuario ten un perfil na mesma Rede Social e decidiu unirse \u00e1 p\u00e1xina creada por MARIA BEATRIZ VERDES VEIGA, mostrando as\u00ed o seu interese pola informaci\u00f3n que se anuncia na Rede tratamento daqueles datos persoais publicados no seu perfil.<\/p><p>O usuario pode acceder en calquera momento \u00e1s pol\u00edticas de privacidade da propia Rede Social, as\u00ed como configurar o seu perfil para garantir a s\u00faa privacidade.<\/p><p>MARIA BEATRIZ VERDES VEIGA ten acceso e trata a informaci\u00f3n p\u00fablica do usuario, especialmente o seu nome de contacto. Estes datos s\u00f3 se utilizan dentro da propia Rede Social. Non est\u00e1n incorporados a ning\u00fan sistema de tratamento.<\/p><p>En relaci\u00f3n cos dereitos de acceso, rectificaci\u00f3n, limitaci\u00f3n do tratamento, supresi\u00f3n, portabilidade e oposici\u00f3n ao tratamento dos seus datos persoais dos que dispo\u00f1a e que poidan exercer ante MARIA BEATRIZ VERDES VEIGA, de conformidade co RGPD, deber\u00e1 ter en conta conta os seguintes matices:<\/p><p><strong>Dereito de acceso:<\/strong> \u00c9 o dereito do usuario a obter informaci\u00f3n sobre os seus datos persoais concretos e o tratamento que se realizou ou realizou, as\u00ed como a informaci\u00f3n dispo\u00f1ible sobre a orixe dos ditos datos e as comunicaci\u00f3ns realizadas ou previstas para eles.<\/p><p><strong>Dereito de rectificaci\u00f3n:<\/strong> \u00c9 o dereito da persoa afectada a que se modifiquen os datos que resulten inexactos ou incompletos. S\u00f3 se poder\u00e1 satisfacer en relaci\u00f3n \u00e1 informaci\u00f3n que estea baixo o control de MARIA BEATRIZ VERDES VEIGA, por exemplo, eliminando comentarios publicados na propia p\u00e1xina, imaxes ou contidos web que conte\u00f1an datos persoais do usuario.<\/p><p><strong>Dereito \u00e1 limitaci\u00f3n do tratamento:<\/strong> \u00c9 o dereito a limitar os fins do tratamento inicialmente previstos polo responsable do tratamento.<\/p><p><strong>Dereito de Supresi\u00f3n:<\/strong> \u00c9 o dereito a suprimir os datos persoais do usuario, salvo o disposto no propio RGPD ou noutra normativa de aplicaci\u00f3n que determine a obriga de conservalos, de forma oportuna.<\/p><p>Dereito \u00e1 portabilidade: dereito a recibir os datos persoais que o usuario facilitou, nun formato estruturado, de uso com\u00fan e lexible por m\u00e1quina, e a transmitilos a outro responsable.<\/p><p><strong>Dereito de oposici\u00f3n:<\/strong> \u00c9 o dereito do usuario a que MARIA BEATRIZ VERDES VEIGA non trate os seus datos persoais ou que o cese o seu tratamento.<br \/>MARIA BEATRIZ VERDES VEIGA realizar\u00e1 as seguintes actuaci\u00f3ns:<\/p><p>Acceso \u00e1 informaci\u00f3n do perfil p\u00fablico.<br \/>Publicaci\u00f3n no perfil do usuario de toda a informaci\u00f3n xa publicada na p\u00e1xina de MARIA BEATRIZ VERDES VEIGA<br \/>Env\u00eda mensaxes persoais e individuais a trav\u00e9s das canles da Rede Social.<br \/>Actualizaci\u00f3ns de estado da p\u00e1xina que se publicar\u00e1n no perfil do usuario.<br \/>O usuario sempre pode controlar as s\u00faas conexi\u00f3ns, eliminar contido que xa non lle interesa e restrinxir con quen comparte as s\u00faas conexi\u00f3ns, para iso debe acceder \u00e1 s\u00faa configuraci\u00f3n de privacidade.<\/p><p><strong>Publicaci\u00f3ns<\/strong><\/p><p>O usuario, unha vez incorporado \u00e1 p\u00e1xina de MARIA BEATRIZ VERDES VEIGA, poder\u00e1 publicar nesta \u00faltima comentarios, ligaz\u00f3ns, imaxes ou fotograf\u00edas ou calquera outro tipo de contido multimedia soportado pola Rede Social. O usuario, en todo caso, deber\u00e1 ser o titular do mesmo, gozar dos dereitos de autor e de propiedade intelectual ou contar co consentimento dos terceiros afectados. Queda expresamente prohibida calquera publicaci\u00f3n na p\u00e1xina, xa sexan textos, gr\u00e1ficos, fotograf\u00edas, v\u00eddeos, etc. que vulneren ou sexan susceptibles de vulnerar a moral, a \u00e9tica, o bo gusto ou o decoro, e\/ou que infrinxan, vulneren ou vulneren os dereitos de propiedade intelectual ou industrial, o dereito \u00e1 imaxe ou a Lei. Nestes casos, MARIA BEATRIZ VERDES VEIGA res\u00e9rvase o dereito retirarse\u00a0inmediatamente o contido, podendo solicitar o bloqueo permanente do usuario.<\/p><p>MARIA BEATRIZ VERDES VEIGA non ser\u00e1 responsable dos contidos que libremente publique un usuario.<\/p><p>O usuario debe ter en conta que as s\u00faas publicaci\u00f3ns ser\u00e1n co\u00f1ecidas por outros usuarios, polo que eles mesmos son os principais responsables da s\u00faa privacidade.<\/p><p>As imaxes que poidan publicarse na p\u00e1xina non ser\u00e1n almacenadas en ning\u00fan sistema de tratamento por parte de MARIA BEATRIZ VERDES VEIGA, pero permanecer\u00e1n na Rede Social.<\/p><p><strong>Concursos e promoci\u00f3ns<\/strong><\/p><p>MARIA BEATRIZ VERDES VEIGA res\u00e9rvase o dereito a realizar concursos e promoci\u00f3ns, nos que poder\u00e1 participar o usuario vinculado \u00e1 s\u00faa p\u00e1xina. Nel publicaranse as bases de cada unha delas, cando se utilice a plataforma da Rede Social para tal fin. Cumprindo sempre a LSSI-CE e calquera outra norma que poida ser de aplicaci\u00f3n.<\/p><p>A Rede Social non patrocina, avala nin administra, de ning\u00fan xeito, ningunha das nosas promoci\u00f3ns, nin est\u00e1 asociada a ningunha delas.<\/p><p><strong>Publicidade<\/strong><\/p><p>MARIA BEATRIZ VERDES VEIGA utilizar\u00e1 a Rede Social para publicitar os seus produtos e servizos. En todo caso, se decide tratar os seus datos de contacto para realizar acci\u00f3ns de prospecci\u00f3n comercial directa, sempre cumprirase cos requisitos legais do RGPD e. a LSSI CE.<\/p><p>Non se considerar\u00e1 publicidade recomendar a p\u00e1xina de MARIA BEATRIZ VERDES VEIGA a outros usuarios para que tam\u00e9n poidan gozar das promoci\u00f3ns ou estar informados da s\u00faa actividade.<\/p><p><strong>A continuaci\u00f3n, detallamos a ligaz\u00f3n \u00e1 pol\u00edtica de privacidade da Rede Social:<\/strong><\/p><p><strong>Facebook:<\/strong> https:\/\/es-es.facebook.com\/privacy\/explanation<br \/><strong>Instagram:<\/strong> https:\/\/es-la.facebook.com\/help\/instagram\/155833707900388<\/p>\t\t\t\t\t\t\t\t<\/div>\n\t\t\t\t<\/div>\n\t\t\t\t\t<\/div>\n\t\t<\/div>\n\t\t\t\t\t<\/div>\n\t\t<\/section>\n\t\t\t\t<\/div>\n\t\t","protected":false},"excerpt":{"rendered":"<p>De conformidade co disposto na normativa vixente e aplicable en materia de Protecci\u00f3n de Datos de Car\u00e1cter Persoal, Regulamento Xeral de Protecci\u00f3n de Datos 2016\/679 (RGPD) e a Lei Org\u00e1nica 3\/2018, do 5 de decembro, de protecci\u00f3n de datos de car\u00e1cter persoal e garant\u00eda dos dereitos dixitais (LOPDGDD), e a Lei 34\/2002, do 11 de [&hellip;]<\/p>\n","protected":false},"author":1,"featured_media":0,"parent":0,"menu_order":0,"comment_status":"closed","ping_status":"closed","template":"","meta":{"inline_featured_image":false,"footnotes":""},"class_list":["post-6830","page","type-page","status-publish","hentry"],"_links":{"self":[{"href":"https:\/\/cabanasdevendaval.com\/gl\/wp-json\/wp\/v2\/pages\/6830"}],"collection":[{"href":"https:\/\/cabanasdevendaval.com\/gl\/wp-json\/wp\/v2\/pages"}],"about":[{"href":"https:\/\/cabanasdevendaval.com\/gl\/wp-json\/wp\/v2\/types\/page"}],"author":[{"embeddable":true,"href":"https:\/\/cabanasdevendaval.com\/gl\/wp-json\/wp\/v2\/users\/1"}],"replies":[{"embeddable":true,"href":"https:\/\/cabanasdevendaval.com\/gl\/wp-json\/wp\/v2\/comments?post=6830"}],"version-history":[{"count":7,"href":"https:\/\/cabanasdevendaval.com\/gl\/wp-json\/wp\/v2\/pages\/6830\/revisions"}],"predecessor-version":[{"id":6884,"href":"https:\/\/cabanasdevendaval.com\/gl\/wp-json\/wp\/v2\/pages\/6830\/revisions\/6884"}],"wp:attachment":[{"href":"https:\/\/cabanasdevendaval.com\/gl\/wp-json\/wp\/v2\/media?parent=6830"}],"curies":[{"name":"wp","href":"https:\/\/api.w.org\/{rel}","templated":true}]}}