{"id":2875,"date":"2020-09-23T11:09:21","date_gmt":"2020-09-23T09:09:21","guid":{"rendered":"https:\/\/cabanasdevendaval.com\/camino-dos-faros\/"},"modified":"2020-10-14T10:39:25","modified_gmt":"2020-10-14T08:39:25","slug":"camino-dos-faros","status":"publish","type":"page","link":"https:\/\/cabanasdevendaval.com\/gl\/camino-dos-faros\/","title":{"rendered":"Cami\u00f1o dos faros"},"content":{"rendered":"<p>Dende Cabanas de Vendaval queremos facilitar as cousas os Trasnos que queiran facer as d\u00faas Primeiras etapas do <b>Cami\u00f1o dos Faros<\/b>.<\/p>\n<p>A nosa idea \u00e9 que chegues as nosas instalaci\u00f3n, aparques o teu coche ou medio de transporte e solo debas de preocuparte de cami\u00f1ar, gozar e descansar.<\/p>\n<p>Por ese motivo ofrecemos un paquete que <b>incl\u00fae aloxamento para d\u00faas noites, almorz\u00f3 e traslados o principio e recollida ao final de cada etapa<\/b>. O prezo ser\u00eda dende 80 \u20ac\/persoa.<\/p><div class=\"wp-block-getwid-table\"><table><tbody><tr><td style=\"padding-left: 10px; background-color: #c1b086; color: #ffffff; border-color: #c1b086;\"><strong>PAQUETE<\/strong><\/td><td style=\"padding-left: 10px; background-color: #c1b086; color: #ffffff; border-color: #c1b086;\"><strong>TEMPORADA BAIXA<\/strong><\/td><td style=\"padding-left: 10px; background-color: #c1b086; color: #ffffff; border-color: #c1b086;\"><strong>TEMPORADA ALTA<\/strong><\/td><\/tr><tr><td style=\"padding-left: 10px; background-color: #f8efd9; border-color: #c1b086;\">1 PERSOA<\/td><td style=\"padding-left: 10px; border-color: #c1b086;\">290\u20ac \/ Persoa<\/td><td style=\"padding-left: 10px; border-color: #c1b086;\">350\u20ac \/ Persoa<\/td><\/tr><tr><td style=\"padding-left: 10px; background-color: #f8efd9; border-color: #c1b086;\">2 PERSOAS<\/td><td style=\"padding-left: 10px; border-color: #c1b086;\">150\u20ac \/ Persoa<\/td><td style=\"padding-left: 10px; border-color: #c1b086;\">180\u20ac \/ Persoa<\/td><\/tr><tr><td style=\"padding-left: 10px; background-color: #f8efd9; border-color: #c1b086;\">3 PERSOAS<\/td><td style=\"padding-left: 10px; border-color: #c1b086;\">125\u20ac \/ Persoa<\/td><td style=\"padding-left: 10px; border-color: #c1b086;\">145\u20ac \/ Persoa<\/td><\/tr><tr><td style=\"padding-left: 10px; background-color: #f8efd9; border-color: #c1b086;\">4 PERSOAS<\/td><td style=\"padding-left: 10px; border-color: #c1b086;\">95\u20ac \/ Persoa<\/td><td style=\"padding-left: 10px; border-color: #c1b086;\">110\u20ac \/ Persoa<\/td><\/tr><tr><td style=\"padding-left: 10px; background-color: #f8efd9; border-color: #c1b086;\">5 PERSOAS<\/td><td style=\"padding-left: 10px; border-color: #c1b086;\">85\u20ac \/ Persoa<\/td><td style=\"padding-left: 10px; border-color: #c1b086;\">98\u20ac \/ Persoa<\/td><\/tr><tr><td style=\"padding-left: 10px; background-color: #f8efd9; border-color: #c1b086;\">6 PERSOAS<\/td><td style=\"padding-left: 10px; border-color: #c1b086;\">80\u20ac \/ Persoa<\/td><td style=\"padding-left: 10px; border-color: #c1b086;\">90\u20ac \/ Persoa<\/td><\/tr><\/tbody><\/table><\/div><p><em>En agosto o paquete para 1 e 2 persoas incrementarase en 60 \u20ac.<br>Para grupos mais grandes solicite presuposto.<\/em><\/p>","protected":false},"excerpt":{"rendered":"<p>Dende Cabanas de Vendaval queremos facilitar as cousas os Trasnos que queiran facer as d\u00faas Primeiras etapas do Cami\u00f1o dos Faros. A nosa idea \u00e9 que chegues as nosas instalaci\u00f3n, aparques o teu coche ou medio de transporte e solo debas de preocuparte de cami\u00f1ar, gozar e descansar. Por ese motivo ofrecemos un paquete que [&hellip;]<\/p>\n","protected":false},"author":1,"featured_media":2886,"parent":0,"menu_order":0,"comment_status":"closed","ping_status":"closed","template":"","meta":{"inline_featured_image":false,"footnotes":""},"class_list":["post-2875","page","type-page","status-publish","has-post-thumbnail","hentry"],"_links":{"self":[{"href":"https:\/\/cabanasdevendaval.com\/gl\/wp-json\/wp\/v2\/pages\/2875"}],"collection":[{"href":"https:\/\/cabanasdevendaval.com\/gl\/wp-json\/wp\/v2\/pages"}],"about":[{"href":"https:\/\/cabanasdevendaval.com\/gl\/wp-json\/wp\/v2\/types\/page"}],"author":[{"embeddable":true,"href":"https:\/\/cabanasdevendaval.com\/gl\/wp-json\/wp\/v2\/users\/1"}],"replies":[{"embeddable":true,"href":"https:\/\/cabanasdevendaval.com\/gl\/wp-json\/wp\/v2\/comments?post=2875"}],"version-history":[{"count":5,"href":"https:\/\/cabanasdevendaval.com\/gl\/wp-json\/wp\/v2\/pages\/2875\/revisions"}],"predecessor-version":[{"id":3134,"href":"https:\/\/cabanasdevendaval.com\/gl\/wp-json\/wp\/v2\/pages\/2875\/revisions\/3134"}],"wp:featuredmedia":[{"embeddable":true,"href":"https:\/\/cabanasdevendaval.com\/gl\/wp-json\/wp\/v2\/media\/2886"}],"wp:attachment":[{"href":"https:\/\/cabanasdevendaval.com\/gl\/wp-json\/wp\/v2\/media?parent=2875"}],"curies":[{"name":"wp","href":"https:\/\/api.w.org\/{rel}","templated":true}]}}