{"id":2512,"date":"2020-08-05T19:38:34","date_gmt":"2020-08-05T17:38:34","guid":{"rendered":"https:\/\/cabanasdevendaval.com\/confirmar-reserva\/transaccion-falida\/"},"modified":"2020-08-25T18:59:02","modified_gmt":"2020-08-25T16:59:02","slug":"transaccion-falida","status":"publish","type":"page","link":"https:\/\/cabanasdevendaval.com\/gl\/confirmar-reserva\/transaccion-falida\/","title":{"rendered":"Transacci\u00f3n Falida"},"content":{"rendered":"<p>Por desgraza, a s\u00faa transacci\u00f3n non se pode completar neste momento. Int\u00e9nteo de novo ou p\u00f3\u00f1ase en contacto connosco.<\/p>\n","protected":false},"excerpt":{"rendered":"<p>Por desgraza, a s\u00faa transacci\u00f3n non se pode completar neste momento. Int\u00e9nteo de novo ou p\u00f3\u00f1ase en contacto connosco.<\/p>\n","protected":false},"author":1,"featured_media":0,"parent":2007,"menu_order":0,"comment_status":"closed","ping_status":"closed","template":"","meta":{"inline_featured_image":false,"footnotes":""},"class_list":["post-2512","page","type-page","status-publish","hentry"],"_links":{"self":[{"href":"https:\/\/cabanasdevendaval.com\/gl\/wp-json\/wp\/v2\/pages\/2512"}],"collection":[{"href":"https:\/\/cabanasdevendaval.com\/gl\/wp-json\/wp\/v2\/pages"}],"about":[{"href":"https:\/\/cabanasdevendaval.com\/gl\/wp-json\/wp\/v2\/types\/page"}],"author":[{"embeddable":true,"href":"https:\/\/cabanasdevendaval.com\/gl\/wp-json\/wp\/v2\/users\/1"}],"replies":[{"embeddable":true,"href":"https:\/\/cabanasdevendaval.com\/gl\/wp-json\/wp\/v2\/comments?post=2512"}],"version-history":[{"count":1,"href":"https:\/\/cabanasdevendaval.com\/gl\/wp-json\/wp\/v2\/pages\/2512\/revisions"}],"predecessor-version":[{"id":2706,"href":"https:\/\/cabanasdevendaval.com\/gl\/wp-json\/wp\/v2\/pages\/2512\/revisions\/2706"}],"up":[{"embeddable":true,"href":"https:\/\/cabanasdevendaval.com\/gl\/wp-json\/wp\/v2\/pages\/2007"}],"wp:attachment":[{"href":"https:\/\/cabanasdevendaval.com\/gl\/wp-json\/wp\/v2\/media?parent=2512"}],"curies":[{"name":"wp","href":"https:\/\/api.w.org\/{rel}","templated":true}]}}