{"id":2350,"date":"2020-07-10T18:00:13","date_gmt":"2020-07-10T16:00:13","guid":{"rendered":"https:\/\/cabanasdevendaval.com\/inicio\/benvido-a-cabanas-de-vendaval\/"},"modified":"2020-08-03T11:43:09","modified_gmt":"2020-08-03T09:43:09","slug":"benvido-a-cabanas-de-vendaval","status":"publish","type":"page","link":"https:\/\/cabanasdevendaval.com\/gl\/inicio\/benvido-a-cabanas-de-vendaval\/","title":{"rendered":"Benvido"},"content":{"rendered":"","protected":false},"excerpt":{"rendered":"<p>Cabanas de Vendaval \u00e9 a elecci\u00f3n axeitada si o que desexas \u00e9 disfrutar dunhas vacaci\u00f3ns sinxelas rodeado da natureza.<\/p>\n","protected":false},"author":1,"featured_media":2351,"parent":1420,"menu_order":0,"comment_status":"closed","ping_status":"closed","template":"","meta":{"inline_featured_image":false,"footnotes":""},"class_list":["post-2350","page","type-page","status-publish","has-post-thumbnail","hentry"],"_links":{"self":[{"href":"https:\/\/cabanasdevendaval.com\/gl\/wp-json\/wp\/v2\/pages\/2350"}],"collection":[{"href":"https:\/\/cabanasdevendaval.com\/gl\/wp-json\/wp\/v2\/pages"}],"about":[{"href":"https:\/\/cabanasdevendaval.com\/gl\/wp-json\/wp\/v2\/types\/page"}],"author":[{"embeddable":true,"href":"https:\/\/cabanasdevendaval.com\/gl\/wp-json\/wp\/v2\/users\/1"}],"replies":[{"embeddable":true,"href":"https:\/\/cabanasdevendaval.com\/gl\/wp-json\/wp\/v2\/comments?post=2350"}],"version-history":[{"count":2,"href":"https:\/\/cabanasdevendaval.com\/gl\/wp-json\/wp\/v2\/pages\/2350\/revisions"}],"predecessor-version":[{"id":2447,"href":"https:\/\/cabanasdevendaval.com\/gl\/wp-json\/wp\/v2\/pages\/2350\/revisions\/2447"}],"up":[{"embeddable":true,"href":"https:\/\/cabanasdevendaval.com\/gl\/wp-json\/wp\/v2\/pages\/1420"}],"wp:featuredmedia":[{"embeddable":true,"href":"https:\/\/cabanasdevendaval.com\/gl\/wp-json\/wp\/v2\/media\/2351"}],"wp:attachment":[{"href":"https:\/\/cabanasdevendaval.com\/gl\/wp-json\/wp\/v2\/media?parent=2350"}],"curies":[{"name":"wp","href":"https:\/\/api.w.org\/{rel}","templated":true}]}}