{"id":2317,"date":"2020-07-07T18:37:12","date_gmt":"2020-07-07T16:37:12","guid":{"rendered":"https:\/\/cabanasdevendaval.com\/politica-de-privacidade\/"},"modified":"2024-08-05T18:25:34","modified_gmt":"2024-08-05T16:25:34","slug":"politica-de-privacidade","status":"publish","type":"page","link":"https:\/\/cabanasdevendaval.com\/gl\/politica-de-privacidade\/","title":{"rendered":"Pol\u00edtica de privacidade"},"content":{"rendered":"<p><strong>Dereito de informaci\u00f3n<\/strong><\/p><p>Para os efectos do disposto no Regulamento (UE) 2016\/679 do 27 de abril de 2016 (GDPR), relativo \u00e1 protecci\u00f3n das persoas f\u00edsicas no que respecta ao tratamento de datos persoais e \u00e1 libre circulaci\u00f3n destes datos e \u00e1 Lei Org\u00e1nica 3\/2018 do 5 de decembro, de protecci\u00f3n de datos de car\u00e1cter persoal e garant\u00eda dos dereitos dixitais (LOPDGDD), inf\u00f3rmase o usuario da existencia dun tratamento automatizado de datos de car\u00e1cter persoal creado por MARIA BEATRIZ VERDES VEIGA e baixo a s\u00faa responsabilidade cos datos persoais que nos puidese facilitar durante a navegaci\u00f3n polo noso Sitio web xa ben sexa no momento do seu rexistro ou cando remita unha mensaxe de correo electr\u00f3nico.&nbsp;<\/p><p><strong>Responsable do tratamento:<\/strong><\/p><ul class=\"wp-block-list\"><li><strong>Denominaci\u00f3n social: <\/strong>MARIA BEATRIZ VERDES VEIGA&nbsp;<\/li><li><strong>Nome comercial<\/strong>: CABANAS DE VENDAVAL<\/li><li><strong>CIF<\/strong>: 47358165S&nbsp;<\/li><li><strong>Domicilio social:<\/strong> CALLE PORTO DE BARIZO 10A, 15113 &#8211; BARIZO &#8211; MALPICA DE BERGANTI\u00d1OS (A CORU\u00d1A)&nbsp;<\/li><li><strong>Tel\u00e9fono<\/strong>: 619148612&nbsp;<\/li><li><strong>Correo electr\u00f3nico a efectos de comunicaci\u00f3n<\/strong>: <a href=\"mailto:info@cabanasdevendaval.com\">info@cabanasdevendaval.com<\/a>&nbsp;<\/li><\/ul><p><strong>Finalidade do tratamento:<\/strong><\/p><p>A finalidade do tratamento \u00e9 a descrita en cada un dos formularios establecidos na p\u00e1xina web nos que vostede nos facilita os seus datos.<\/p><p>CONTACTO: Xestionar a s\u00faa solicitude e enviarlle informaci\u00f3n m\u00e1is detallada.<\/p><p>RESERVAS: Xestionar o seu reserva a trav\u00e9s da p\u00e1xina web <a href=\"http:\/\/www.cabanasdevendaval.com\">www.cabanasdevendaval.com<\/a>&nbsp; &nbsp;<\/p><p><strong>Lexitimaci\u00f3n:<\/strong><\/p><p>Artigo 6.1.a) do RGPD. O interesado deu o seu consentimento para o tratamento dos seus datos persoais para un ou varios fins espec\u00edficos.<\/p><p><strong>Conservaci\u00f3n e tratamento dos datos:<\/strong><\/p><p>Os seus datos ser\u00e1n conservados durante o tempo necesario para atender a s\u00faa solicitude, a condici\u00f3n de que non nos indique o contrario exercendo o seu dereito de supresi\u00f3n, ou durante o tempo necesario para cumprir coas obrigaci\u00f3ns legais e atender as posibles responsabilidades que puidesen derivar do cumprimento da finalidade para a que os datos foron solicitados. En caso de ser necesario, MARIA BEATRIZ VERDES VEIGA cancelar\u00e1 ou rectificar\u00e1 os datos cando resulten inexactos, incompletos ou deixasen de ser necesarios para a s\u00faa finalidade, de conformidade co previsto na lexislaci\u00f3n vixente en materia de Protecci\u00f3n de Datos de Car\u00e1cter Persoal.<\/p><p>Mentres non nos comunique o contrario, entenderemos que os seus datos non foron modificados, que vostede se compromete a notificarnos calquera variaci\u00f3n e que temos o consentimento para utilizalos a fin de poder fidelizar a relaci\u00f3n entre as partes.<\/p><p>Os datos facilitados non ser\u00e1n cedidos a terceiros salvo nos casos en que exista unha obrigaci\u00f3n legal.<\/p><p>MARIA BEATRIZ VERDES VEIGA non elaborar\u00e1 ning\u00fan tipo de \u201cperfil\u201d, en base \u00e1 informaci\u00f3n facilitada. Non se tomar\u00e1n decisi\u00f3ns automatizadas en base a perf\u00eds.&nbsp;<\/p><p>De acordo con o que establece a Lei 34\/2002, de Servizos da Sociedade da Informaci\u00f3n e o Comercio Electr\u00f3nico no seu artigo 21, solicitaremos o seu consentimento para poder realizar comunicaci\u00f3ns publicitarias que consideremos poidan ser do seu interese, por correo electr\u00f3nico ou por calquera outro medio de comunicaci\u00f3n electr\u00f3nica equivalente.<\/p><p>Vostede ten dereito a opo\u00f1erse e\/o retirar o consentimento ao tratamento dos datos indicados anteriormente, no seu caso, e en calquera momento, sen que iso afecte \u00e1 licitud do tratamento baseado no consentimento previo \u00e1 s\u00faa retirada, mediante notificaci\u00f3n ao responsable do tratamento na\/s direcci\u00f3n\/\u00e9 indicada\/s.<\/p><p><strong>Medidas t\u00e9cnicas e organizativas<\/strong><\/p><p>MARIA BEATRIZ VERDES VEIGA adopta as medidas t\u00e9cnicas, controis e procedementos de car\u00e1cter f\u00edsico, organizativo e tecnol\u00f3xico, razoablemente fiables e efectivos, orientados a preservar a integridade e a seguridade dos seus datos e garantir a s\u00faa privacidade. Con todo, non asume ningunha responsabilidade polos danos e prexu\u00edzos derivados de alteraci\u00f3ns que terceiros poidan causar nos sistemas inform\u00e1ticos, documentos electr\u00f3nicos ou ficheiros do usuario.<\/p><p>Ademais, todo o persoal con acceso aos datos persoais foi formado e ten co\u00f1ecemento das s\u00faas obrigaci\u00f3ns con relaci\u00f3n aos tratamentos de datos persoais.<\/p><p>No caso dos contratos que subscribimos cos nosos provedores inclu\u00edmos cl\u00e1usulas nas que se lles esixe manter o deber de secreto respecto a os datos de car\u00e1cter persoal aos que tivesen acceso en virtude do encargo realizado, as\u00ed como implantar as medidas de seguridade t\u00e9cnicas e organizativas necesarias para garantir a confidencialidade, integridade, dispo\u00f1ibilidade e resiliencia permanentes dos sistemas e servizos de tratamento dos datos persoais.<\/p><p>Todas estas medidas de seguridade son revisadas de forma peri\u00f3dica para garantir a s\u00faa adecuaci\u00f3n e efectividade.<\/p><p>Con todo, a seguridade absoluta non se pode garantir e non existe ning\u00fan sistema de seguridade que sexa impenetrable polo que, no caso de calquera informaci\u00f3n obxecto de tratamento e baixo o noso control v\u00edsese comprometida como consecuencia dunha brecha de seguridade, tomaremos as medidas adecuadas para investigar o incidente, notificalo \u00e1 Autoridade de Control e, no seu caso, a aqueles usuarios que se puideron ver afectados para que tomen as medidas adecuadas.<\/p><p><strong>Dereitos:<\/strong><\/p><p>O usuario poder\u00e1 exercer os dereitos de acceso, rectificaci\u00f3n, supresi\u00f3n, oposici\u00f3n, limitaci\u00f3n do tratamento, portabilidad de datos e a non ser obxecto de decisi\u00f3ns individualizadas automatizadas, en relaci\u00f3n cos datos obxecto do tratamento, ante o responsable do tratamento na direcci\u00f3n anteriormente mencionada, ou por correo electr\u00f3nico a info@cabanasdevendaval.com, achegando copia do seu DNI ou documento equivalente. No caso de que non obtivese satisfacci\u00f3n no exercicio dos seus dereitos, poder\u00e1 presentar unha reclamaci\u00f3n ante a Autoridade de Control en materia Protecci\u00f3n de Datos competente, sendo esta a Axencia Espa\u00f1ola de Protecci\u00f3n de Datos, e cuxos datos de contacto est\u00e1n accesibles en <a href=\"https:\/\/sedeagpd.gob.es\/sede-electronica-web\/vistas\/formNuevaReclamacion\/reclamacion.jsf\"><em>https:\/\/sedeagpd.gob.es\/sede-electronica-web\/vistas\/formNuevaReclamacion\/reclamacion.jsf<\/em><\/a><em>.<\/em><\/p>","protected":false},"excerpt":{"rendered":"<p>Dereito de informaci\u00f3n Para os efectos do disposto no Regulamento (UE) 2016\/679 do 27 de abril de 2016 (GDPR), relativo \u00e1 protecci\u00f3n das persoas f\u00edsicas no que respecta ao tratamento de datos persoais e \u00e1 libre circulaci\u00f3n destes datos e \u00e1 Lei Org\u00e1nica 3\/2018 do 5 de decembro, de protecci\u00f3n de datos de car\u00e1cter persoal [&hellip;]<\/p>\n","protected":false},"author":1,"featured_media":0,"parent":0,"menu_order":0,"comment_status":"closed","ping_status":"open","template":"","meta":{"inline_featured_image":false,"footnotes":""},"class_list":["post-2317","page","type-page","status-publish","hentry"],"_links":{"self":[{"href":"https:\/\/cabanasdevendaval.com\/gl\/wp-json\/wp\/v2\/pages\/2317"}],"collection":[{"href":"https:\/\/cabanasdevendaval.com\/gl\/wp-json\/wp\/v2\/pages"}],"about":[{"href":"https:\/\/cabanasdevendaval.com\/gl\/wp-json\/wp\/v2\/types\/page"}],"author":[{"embeddable":true,"href":"https:\/\/cabanasdevendaval.com\/gl\/wp-json\/wp\/v2\/users\/1"}],"replies":[{"embeddable":true,"href":"https:\/\/cabanasdevendaval.com\/gl\/wp-json\/wp\/v2\/comments?post=2317"}],"version-history":[{"count":3,"href":"https:\/\/cabanasdevendaval.com\/gl\/wp-json\/wp\/v2\/pages\/2317\/revisions"}],"predecessor-version":[{"id":6886,"href":"https:\/\/cabanasdevendaval.com\/gl\/wp-json\/wp\/v2\/pages\/2317\/revisions\/6886"}],"wp:attachment":[{"href":"https:\/\/cabanasdevendaval.com\/gl\/wp-json\/wp\/v2\/media?parent=2317"}],"curies":[{"name":"wp","href":"https:\/\/api.w.org\/{rel}","templated":true}]}}