{"id":2315,"date":"2020-07-07T18:29:24","date_gmt":"2020-07-07T16:29:24","guid":{"rendered":"https:\/\/cabanasdevendaval.com\/aviso-legal\/"},"modified":"2024-08-05T17:36:22","modified_gmt":"2024-08-05T15:36:22","slug":"aviso-legal","status":"publish","type":"page","link":"https:\/\/cabanasdevendaval.com\/gl\/aviso-legal\/","title":{"rendered":"Aviso Legal"},"content":{"rendered":"\t\t<div data-elementor-type=\"wp-page\" data-elementor-id=\"2315\" class=\"elementor elementor-2315 elementor-317\">\n\t\t\t\t\t\t<section class=\"elementor-section elementor-top-section elementor-element elementor-element-560d3a48 elementor-section-boxed elementor-section-height-default elementor-section-height-default\" data-id=\"560d3a48\" data-element_type=\"section\" data-e-type=\"section\">\n\t\t\t\t\t\t<div class=\"elementor-container elementor-column-gap-default\">\n\t\t\t\t\t<div class=\"elementor-column elementor-col-100 elementor-top-column elementor-element elementor-element-1fb7cf5e\" data-id=\"1fb7cf5e\" data-element_type=\"column\" data-e-type=\"column\">\n\t\t\t<div class=\"elementor-widget-wrap elementor-element-populated\">\n\t\t\t\t\t\t<div class=\"elementor-element elementor-element-25de175f elementor-widget elementor-widget-text-editor\" data-id=\"25de175f\" data-element_type=\"widget\" data-e-type=\"widget\" data-widget_type=\"text-editor.default\">\n\t\t\t\t<div class=\"elementor-widget-container\">\n\t\t\t\t\t\t\t\t\t<p><strong>DATOS DA ENTIDADE<\/strong><\/p>\n<p>En cumprimento do artigo 10 da Lei 34\/2002, do 11 de xullo, de Servizos da Sociedade da Informaci\u00f3n e de Comercio Electr\u00f3nico, MARIA BEATRIZ VERDES VEIGA, sendo os seus datos identificativos os seguintes:<\/p>\n<p><strong>Raz\u00f3n social:<\/strong> MARIA BEATRIZ VERDES VEIGA<br \/><strong>Denominaci\u00f3n comercial:<\/strong> CABANAS DE VENDAVAL<br \/><strong>C.I.F.:<\/strong> 47358165S<br \/><strong>Domicilio social:<\/strong> CALLE PORTO DE BARIZO 10A 15113 &#8211; BARIZO &#8211; MALPICA DE BERGANTI\u00d1O (A CORU\u00d1A)<br \/><strong>Tel\u00e9fono:<\/strong> 619148612<br \/><strong>Correo electr\u00f3nico para efectos de comunicaci\u00f3n:<\/strong> info@cabanasdevendaval.com<br \/><strong>Dominio WEB:<\/strong> www.cabanasdevendaval.com<\/p>\n<p>Todas as notificaci\u00f3ns e comunicaci\u00f3ns entre os usuarios e MARIA BEATRIZ VERDES VEIGA consideraranse efectivas, para todos os efectos, cando se realicen a trav\u00e9s do correo postal ou calquera outro medio detallado anteriormente.<\/p>\n<p>MARIA BEATRIZ VERDES VEIGA est\u00e1 inscrita no Rexistro de Empresas e Actividades Tur\u00edsticas de Galicia co n\u00famero CA-CO-000171 necesario para desenvolver as actividades que desenvolve. O \u00f3rgano competente encargado da s\u00faa fiscalizaci\u00f3n \u00e9 a Axencia Turismo de Galicia, dependente da Presidencia da Xunta de Galicia.<\/p>\n<p><strong>CONDICI\u00d3NS DE ACCESO E USO<\/strong><\/p>\n<p>O presente aviso legal regula o uso do sitio web www.cabanasdevendaval.com (en diante, A WEB), propiedade de MARIA BEATRIZ VERDES VEIGA.<\/p>\n<p>A navegaci\u00f3n pola web de MARIA BEATRIZ VERDES VEIGA atrib\u00fae a condici\u00f3n de usuario e implica a aceptaci\u00f3n plena e sen reservas de todas e cada unha das disposici\u00f3ns recollidas neste Aviso Legal, que poden sufrir modificaci\u00f3ns.<\/p>\n<p>O sitio web e os seus servizos son de libre acceso, non obstante, MARIA BEATRIZ VERDES VEIGA condiciona a utilizaci\u00f3n dalg\u00fans dos servizos ofrecidos na s\u00faa p\u00e1xina web \u00e1 previa cumprimentaci\u00f3n do correspondente formulario.<\/p>\n<p>Todos os contidos do sitio web, como textos, fotograf\u00edas, gr\u00e1ficos, imaxes, iconas, tecnolox\u00eda, software, as\u00ed como o seu dese\u00f1o e c\u00f3digos fonte, constit\u00faen unha obra cuxa propiedade pertence a MARIA BEATRIZ VERDES VEIGA, e ning\u00fan deles pode ser entendido. como cede ao usuario os dereitos de explotaci\u00f3n sobre os mesmos m\u00e1is al\u00f3 do estritamente necesario para o correcto uso do sitio web.<\/p>\n<p>O usuario garante a autenticidade e actualidade de todos os datos comunicados a MARIA BEATRIZ VERDES VEIGA e ser\u00e1 o \u00fanico responsable das manifestaci\u00f3ns falsas ou inexactas que realice.<\/p>\n<p>O usuario comprom\u00e9tese a facer un uso correcto do sitio web de acordo coas leis, a boa fe, a orde p\u00fablica, as pr\u00e1cticas de tr\u00e1fico e o presente Aviso Legal. O usuario responder\u00e1 ante MARIA BEATRIZ VERDES VEIGA ou fronte a terceiros dos danos e prexu\u00edzos que se puidesen ocasionar como consecuencia do incumprimento da devandita obriga.<\/p>\n<p><strong>POL\u00cdTICA DE ENLACE E EXENCI\u00d3NS DE RESPONSABILIDADE<\/strong><\/p>\n<p>MARIA BEATRIZ VERDES VEIGA non se fai responsable do contido das p\u00e1xinas web \u00e1s que o usuario poida acceder a trav\u00e9s dos enlaces establecidos na WEB e declara que en ning\u00fan caso proceder\u00e1 a examinar ou exercer ning\u00fan tipo de control sobre o contido doutras p\u00e1xinas. p\u00e1xinas web. As\u00ed mesmo, non garantir\u00e1 a dispo\u00f1ibilidade t\u00e9cnica, exactitude, veracidade, validez ou legalidade de p\u00e1xinas distintas da s\u00faa propiedade \u00e1s que se poida acceder a trav\u00e9s dos enlaces.<\/p>\n<p>MARIA BEATRIZ VERDES VEIGA declara que adoptou todas as medidas necesarias para evitar calquera prexu\u00edzo que puidese ocasionar aos usuarios da WEB pola s\u00faa navegaci\u00f3n. En consecuencia, MARIA BEATRIZ VERDES VEIGA non se fai responsable, en ning\u00fan caso, dos danos que puidese sufrir o usuario pola navegaci\u00f3n por Internet.<\/p>\n<p><strong>USO DE COOKIES E DATOS ESTAT\u00cdSTICOS<\/strong><\/p>\n<p>Este sitio web pode recoller datos dos seus visitantes mediante o uso de cookies, onde se recoller\u00e1 informaci\u00f3n persoal relacionada coa s\u00faa navegaci\u00f3n. Para co\u00f1ecer de forma clara e precisa as cookies que utilizamos, cales son as s\u00faas finalidades e como pode configuralas ou desactivalas, consulte a nosa pol\u00edtica de cookies, se \u00e9 o caso.<\/p>\n<p>O usuario ten a posibilidade de configurar o seu navegador para que sexa informado da recepci\u00f3n de cookies, podendo, se as\u00ed o desexa, impedir que se instalen no seu disco duro.<\/p>\n<p><strong>PROTECCI\u00d3N DE DATOS<\/strong><\/p>\n<p>No caso de que na p\u00e1xina web se recollan datos persoais, para m\u00e1is informaci\u00f3n consulte a pol\u00edtica de privacidade.<\/p>\n<p><strong>LINGUAXE DOS TEXTOS XUR\u00cdDICOS<\/strong><\/p>\n<p>A versi\u00f3n espa\u00f1ola dos acordos e pol\u00edticas legais consid\u00e9rase a \u00fanica versi\u00f3n actual e v\u00e1lida. As versi\u00f3ns traducidas ofr\u00e9cense s\u00f3 para facilitar a lectura e comprensi\u00f3n das versi\u00f3ns en castel\u00e1n. As versi\u00f3ns traducidas non son legalmente vinculantes e non substit\u00faen a versi\u00f3n en castel\u00e1n. En caso de conflito ou desacordo, prevalecer\u00e1n en todas as circunstancias os acordos legais e as pol\u00edticas en castel\u00e1n.<\/p>\n<p><strong>RESOLUCI\u00d3N DE DISPUTAS. LEI APLICABLE E XURISDICCI\u00d3N<\/strong><\/p>\n<p>As presentes Condici\u00f3ns Xerais de Uso, as\u00ed como o uso\u00a0do Espazo Web, rexerase pola lexislaci\u00f3n espa\u00f1ola. Para a resoluci\u00f3n de calquera controversia, as partes someteranse aos Xulgados e Tribunais do domicilio social do responsable do sitio web.<\/p>\n<p>No caso de que algunha estipulaci\u00f3n das presentes Condici\u00f3ns Xerais de Uso resulte inexible ou nula en virtude da lexislaci\u00f3n aplicable ou como consecuencia de resoluci\u00f3n xudicial ou administrativa, a devandita inexecubilidade ou nulidade non far\u00e1 inexecutable nin nula as presentes Condici\u00f3ns Xerais de Uso enteiro. En tales casos, a empresa proceder\u00e1 a modificar ou substitu\u00edr a dita estipulaci\u00f3n por outra v\u00e1lida e executiva e que, na medida do posible, alcance o obxectivo e intenci\u00f3n reflectidos na estipulaci\u00f3n orixinal.<\/p>\t\t\t\t\t\t\t\t<\/div>\n\t\t\t\t<\/div>\n\t\t\t\t\t<\/div>\n\t\t<\/div>\n\t\t\t\t\t<\/div>\n\t\t<\/section>\n\t\t\t\t<\/div>\n\t\t","protected":false},"excerpt":{"rendered":"<p>DATOS DA ENTIDADE En cumprimento do artigo 10 da Lei 34\/2002, do 11 de xullo, de Servizos da Sociedade da Informaci\u00f3n e de Comercio Electr\u00f3nico, MARIA BEATRIZ VERDES VEIGA, sendo os seus datos identificativos os seguintes: Raz\u00f3n social: MARIA BEATRIZ VERDES VEIGADenominaci\u00f3n comercial: CABANAS DE VENDAVALC.I.F.: 47358165SDomicilio social: CALLE PORTO DE BARIZO 10A 15113 &#8211; [&hellip;]<\/p>\n","protected":false},"author":1,"featured_media":0,"parent":0,"menu_order":0,"comment_status":"closed","ping_status":"closed","template":"","meta":{"inline_featured_image":false,"footnotes":""},"class_list":["post-2315","page","type-page","status-publish","hentry"],"_links":{"self":[{"href":"https:\/\/cabanasdevendaval.com\/gl\/wp-json\/wp\/v2\/pages\/2315"}],"collection":[{"href":"https:\/\/cabanasdevendaval.com\/gl\/wp-json\/wp\/v2\/pages"}],"about":[{"href":"https:\/\/cabanasdevendaval.com\/gl\/wp-json\/wp\/v2\/types\/page"}],"author":[{"embeddable":true,"href":"https:\/\/cabanasdevendaval.com\/gl\/wp-json\/wp\/v2\/users\/1"}],"replies":[{"embeddable":true,"href":"https:\/\/cabanasdevendaval.com\/gl\/wp-json\/wp\/v2\/comments?post=2315"}],"version-history":[{"count":9,"href":"https:\/\/cabanasdevendaval.com\/gl\/wp-json\/wp\/v2\/pages\/2315\/revisions"}],"predecessor-version":[{"id":6864,"href":"https:\/\/cabanasdevendaval.com\/gl\/wp-json\/wp\/v2\/pages\/2315\/revisions\/6864"}],"wp:attachment":[{"href":"https:\/\/cabanasdevendaval.com\/gl\/wp-json\/wp\/v2\/media?parent=2315"}],"curies":[{"name":"wp","href":"https:\/\/api.w.org\/{rel}","templated":true}]}}