{"id":2009,"date":"2020-07-06T18:33:25","date_gmt":"2020-07-06T16:33:25","guid":{"rendered":"https:\/\/cabanasdevendaval.com\/politica-de-venda-cancelacion-e-devolucion\/"},"modified":"2025-08-02T10:34:11","modified_gmt":"2025-08-02T08:34:11","slug":"politica-de-venda-cancelacion-e-devolucion","status":"publish","type":"page","link":"https:\/\/cabanasdevendaval.com\/gl\/politica-de-venda-cancelacion-e-devolucion\/","title":{"rendered":"Pol\u00edtica de venda, cancelaci\u00f3n e devoluci\u00f3n"},"content":{"rendered":"\t\t<div data-elementor-type=\"wp-page\" data-elementor-id=\"2009\" class=\"elementor elementor-2009 elementor-1984\">\n\t\t\t\t\t\t<section class=\"elementor-section elementor-top-section elementor-element elementor-element-64540c4e elementor-section-boxed elementor-section-height-default elementor-section-height-default\" data-id=\"64540c4e\" data-element_type=\"section\" data-e-type=\"section\">\n\t\t\t\t\t\t<div class=\"elementor-container elementor-column-gap-default\">\n\t\t\t\t\t<div class=\"elementor-column elementor-col-100 elementor-top-column elementor-element elementor-element-393309c3\" data-id=\"393309c3\" data-element_type=\"column\" data-e-type=\"column\">\n\t\t\t<div class=\"elementor-widget-wrap elementor-element-populated\">\n\t\t\t\t\t\t<div class=\"elementor-element elementor-element-48aff006 elementor-widget elementor-widget-text-editor\" data-id=\"48aff006\" data-element_type=\"widget\" data-e-type=\"widget\" data-widget_type=\"text-editor.default\">\n\t\t\t\t<div class=\"elementor-widget-container\">\n\t\t\t\t\t\t\t\t\t<p style=\"margin-bottom: 0px; text-align: justify; font-stretch: normal; font-size: 11px; line-height: normal; font-family: Calibri; color: rgb(0, 0, 0);\"><span style=\"text-decoration: underline\"><b>CONDICI\u00d3NS XERAIS DE CONTRATACI\u00d3N ONLINE<\/b><\/span><span style=\"color: rgb(38, 38, 38);\">&nbsp;<\/span><\/p><p style=\"margin-bottom: 0px; text-align: justify; font-stretch: normal; font-size: 11px; line-height: normal; font-family: Calibri; color: rgb(38, 38, 38); min-height: 13px;\"><br><\/p><p style=\"margin-bottom: 4px; text-align: justify; font-stretch: normal; font-size: 11px; line-height: normal; font-family: Calibri; color: rgb(0, 0, 0);\">Todas as reservas que se realicen a trav\u00e9s do portal www.cabanasdevendaval.com (en diante, a Web), propiedade de MARIA BEATRIZ VERDES VEIGA , est\u00e1n suxeitas a estas condici\u00f3ns xerais de contrataci\u00f3n (en diante, CGC).&nbsp;<\/p><p style=\"margin-bottom: 4px; text-align: justify; font-stretch: normal; font-size: 11px; line-height: normal; font-family: Calibri; color: rgb(0, 0, 0);\">As CGC complem\u00e9ntanse co Aviso Legal e a Pol\u00edtica de Privacidade, que deber\u00e1n ser aceptadas integramente polos Usuarios do Sitio web con car\u00e1cter previo \u00e1 realizaci\u00f3n da compra e, unha vez aceptadas, entenderanse inclu\u00eddas nas CGC para os efectos legais oportunos.&nbsp;<\/p><p style=\"margin-bottom: 4px; text-align: justify; font-stretch: normal; font-size: 11px; line-height: normal; font-family: Calibri; color: rgb(0, 0, 0);\">Ao reservar na Web, automaticamente acepta estas condici\u00f3ns. Por favor, l\u00e9aas con atenci\u00f3n.&nbsp;<\/p><p style=\"margin-bottom: 4px; text-align: justify; font-stretch: normal; font-size: 11px; line-height: normal; font-family: Calibri; color: rgb(0, 0, 0);\">A reserva de calquera servizo conleva a aceptaci\u00f3n plena e sen reservas de todas e cada unha destas CGC, sen prexu\u00edzo da aceptaci\u00f3n das condici\u00f3ns particulares que puidesen ser de aplicaci\u00f3n ao adquirir determinados servizos.&nbsp;<\/p><p style=\"margin-bottom: 4px; text-align: justify; font-stretch: normal; font-size: 11px; line-height: normal; font-family: Calibri; color: rgb(0, 0, 0);\">MARIA BEATRIZ VERDES VEIGA est\u00e1 facultada para modificar unilateralmente todas e cada unha das obrigaci\u00f3ns dispostas nas presentes condici\u00f3ns, sen necesidade de aviso previo\/previo aviso, coa condici\u00f3n de que esta facultade de modificaci\u00f3n non pode afectar os contratos que se atopen en vigor no devandito momento.&nbsp;<\/p><p style=\"margin-bottom: 4px; text-align: justify; font-stretch: normal; font-size: 11px; line-height: normal; font-family: Calibri; color: rgb(0, 0, 0);\">Os servizos ofertados van dirixidos, \u00fanica e exclusivamente, a persoas f\u00edsicas, maiores de idade, e a persoas xur\u00eddicas, consideradas como \u201cconsumidores\u201d ou \u201cusuarios\u201d na lexislaci\u00f3n vixente que sexa de aplicaci\u00f3n. A Web non esixe a previa subscrici\u00f3n para a simple navegaci\u00f3n, acceso ou utilizaci\u00f3n do servizo en cuesti\u00f3n.<\/p><p style=\"margin-bottom: 4px; text-align: justify; font-stretch: normal; font-size: 11px; line-height: normal; font-family: Calibri; color: rgb(0, 0, 0); min-height: 13px;\"><br><\/p><p style=\"margin-bottom: 4px; text-align: justify; font-stretch: normal; font-size: 11px; line-height: normal; font-family: Calibri; color: rgb(0, 0, 0);\"><span style=\"text-decoration: underline\"><b>DATOS DO VENDEDOR\/OPERADOR<\/b><\/span><\/p><ul>\n<li style=\"margin: 0px; font-stretch: normal; font-size: 11px; line-height: normal; font-family: Calibri; color: rgb(0, 0, 0);\"><span style=\"font-stretch: normal; line-height: normal; font-family: Symbol;\"><\/span><b>Denominaci\u00f3n social: <\/b>MARIA BEATRIZ VERDES VEIGA<\/li>\n<li style=\"margin: 0px; font-stretch: normal; font-size: 11px; line-height: normal; font-family: Calibri; color: rgb(0, 0, 0);\"><span style=\"font-stretch: normal; line-height: normal; font-family: Symbol;\"><\/span><b>Nome comercial:<\/b> CABANAS DE VENDAVAL<\/li>\n<li style=\"margin: 0px; font-stretch: normal; font-size: 11px; line-height: normal; font-family: Calibri; color: rgb(0, 0, 0);\"><span style=\"font-stretch: normal; line-height: normal; font-family: Symbol;\"><\/span><b>Domicilio social: <\/b>CALLE PORTO DE BARIZO 10A 15113 &#8211; BARIZO &#8211; MALPICA DE BERGANTI\u00d1OS (A CORU\u00d1A)<\/li>\n<li style=\"margin: 0px; font-stretch: normal; font-size: 11px; line-height: normal; font-family: Calibri; color: rgb(0, 0, 0);\"><span style=\"font-stretch: normal; line-height: normal; font-family: Symbol;\"><\/span><b>N.I.F.: <\/b>47358165S<\/li>\n<li style=\"margin-top: 0px; margin-right: 0px; margin-left: 0px; font-stretch: normal; font-size: 11px; line-height: normal; font-family: Calibri; color: rgb(0, 0, 0);\"><span style=\"font-stretch: normal; line-height: normal; font-family: Symbol;\"><\/span><b>Autorizaci\u00f3n administrativa previa, N\u00ba REAT:<\/b><span style=\"color: rgb(38, 38, 38);\"> <\/span>CA-CO-000171, sendo o \u00f3rgano competente encargado da s\u00faa supervisi\u00f3n \u00e9 a Axencia Turismo de Galicia, dependente da Presidencia da Xunta de Galicia.&nbsp;<\/li>\n<\/ul><p style=\"margin-bottom: 12px; margin-left: 35.5px; font-stretch: normal; font-size: 11px; line-height: normal; font-family: Calibri; color: rgb(0, 0, 0); min-height: 13px;\"><b><\/b><br><\/p><p style=\"margin-bottom: 6px; text-align: justify; font-stretch: normal; font-size: 11px; line-height: normal; font-family: Calibri; color: rgb(0, 0, 0);\"><b>POL\u00cdTICA DE VENDA E CONDICI\u00d3NS DE PAGO<\/b><\/p><p style=\"margin-bottom: 4px; text-align: justify; font-stretch: normal; font-size: 11px; line-height: normal; font-family: Calibri; color: rgb(0, 0, 0);\">CABANAS DE VENDAVAL ofrece aos usuarios a posibilidade de realizar a reserva en li\u00f1a dos Aloxamentos.<\/p><p style=\"margin-bottom: 4px; text-align: justify; font-stretch: normal; font-size: 11px; line-height: normal; font-family: Calibri; color: rgb(0, 0, 0);\">A estancia m\u00ednima \u00e9 de 3 noites en tempada alta. Correspondendo a tempada alta do 15 de xu\u00f1o ao 15 de setembro, Semana Santa, pontes e festivos e a tempada baixa, o resto do ano.<\/p><p style=\"margin-bottom: 4px; text-align: justify; font-stretch: normal; font-size: 11px; line-height: normal; font-family: Calibri; color: rgb(0, 0, 0);\">Ent\u00e9ndese por reserva a petici\u00f3n de unidades de aloxamento tur\u00edstico cunha antelaci\u00f3n m\u00ednima de 24 horas.<\/p><p style=\"margin-bottom: 4px; text-align: justify; font-stretch: normal; font-size: 11px; line-height: normal; font-family: Calibri; color: rgb(0, 0, 0);\">O usuario \u00e9 o responsable de facer a declaraci\u00f3n correcta do n\u00famero de persoas que ocupar\u00e1n o aloxamento. O aloxamento para os nenos de ata 3 anos \u00e9 gratis,<\/p><p style=\"margin-bottom: 4px; text-align: justify; font-stretch: normal; font-size: 11px; line-height: normal; font-family: Calibri; color: rgb(0, 0, 0);\">por tanto non se deben inclu\u00edr no n\u00famero de h\u00f3spedes.<\/p><p style=\"margin-bottom: 4px; text-align: justify; font-stretch: normal; font-size: 11px; line-height: normal; font-family: Calibri; color: rgb(0, 0, 0);\">Para reservas en li\u00f1a de CABANAS DE VENDAVAL debe cumprimentar o formulario de \u201cReserva\u201d. Neste formulario ind\u00edcase os datos da reserva, os datos do titular da reserva e o tipo de pago.<\/p><p style=\"margin-bottom: 4px; text-align: justify; font-stretch: normal; font-size: 11px; line-height: normal; font-family: Calibri; color: rgb(0, 0, 0);\">Ao efectuar a reserva, pedir\u00e1selle un anticipo do 40% do total da estancia que lle ser\u00e1 cargado na s\u00faa tarxeta de cr\u00e9dito\/d\u00e9bito, segundo o pactado e segundo a forma de reserva. A reserva non se entender\u00e1 finalizada ata que non se vexa reflectido o importe do 40% na nosa conta bancaria.<\/p><p style=\"margin-bottom: 4px; text-align: justify; font-stretch: normal; font-size: 11px; line-height: normal; font-family: Calibri; color: rgb(0, 0, 0);\">Para finalizar a reserva e proceder ao pago d\u00e9bese achegar un n\u00ba de tarxeta de cr\u00e9dito\/d\u00e9bito a trav\u00e9s da plataforma de pago seguro&nbsp; Servired\/ RedSys. En ning\u00fan momento, almac\u00e9nanse na nosa base de datos ning\u00fan dato da tarxeta. Estes datos son sempre tratados pola entidade bancaria.<\/p><p style=\"margin-bottom: 4px; text-align: justify; font-stretch: normal; font-size: 11px; line-height: normal; font-family: Calibri; color: rgb(0, 0, 0);\">A tarxeta \u00e9 garant\u00eda para confirmar a reserva (se non \u00e9 v\u00e1lida, a reserva quedar\u00e1 anulada automaticamente).&nbsp;<\/p><p style=\"margin-bottom: 4px; text-align: justify; font-stretch: normal; font-size: 11px; line-height: normal; font-family: Calibri; color: rgb(0, 0, 0); min-height: 13px;\"><br><\/p><p style=\"margin-bottom: 4px; text-align: justify; font-stretch: normal; font-size: 11px; line-height: normal; font-family: Calibri; color: rgb(0, 0, 0);\"><b>PREZOS<\/b><\/p><p style=\"margin-bottom: 4px; text-align: justify; font-stretch: normal; font-size: 11px; line-height: normal; font-family: Calibri; color: rgb(0, 0, 0);\">O prezo de cada aloxamento \u00e9 o que aparece na nosa web, sendo reflectido por aloxamento e noite segundo o r\u00e9xime elixido e incl\u00faen o IVE\/IVE.<\/p><p style=\"margin-bottom: 4px; text-align: justify; font-stretch: normal; font-size: 11px; line-height: normal; font-family: Calibri; color: rgb(0, 0, 0);\">O aloxamento de mascotas ten un custo de 8\u20ac\/noite.<\/p><p style=\"margin-bottom: 12px; text-align: justify; font-stretch: normal; font-size: 11px; line-height: normal; font-family: Calibri; color: rgb(0, 0, 0);\">Unha vez confirmada a reserva non poder\u00e1 ser obxecto de modificaci\u00f3n na web. Para calquera para calquera consulta ou tr\u00e1mite respecto a o seu reserva, ch\u00e1menos ao tel\u00e9fono 619148612 ou utilice o noso formulario de contacto da p\u00e1xina web&nbsp; indicando o seu reserva.<\/p><p style=\"margin-bottom: 6px; text-align: justify; font-stretch: normal; font-size: 11px; line-height: normal; font-family: Calibri; color: rgb(0, 0, 0);\"><b>HORARIOS<\/b><\/p><p style=\"margin-bottom: 4px; text-align: justify; font-stretch: normal; font-size: 11px; line-height: normal; font-family: Calibri; color: rgb(0, 0, 0);\">As entradas nos aloxamentos real\u00edzanse a partir das 16&nbsp; h. e sa\u00eddas antes das 12&nbsp; h. O acceso ao recinto e \u00e1s cabanas real\u00edzase a trav\u00e9s dun c\u00f3digo.<\/p><p style=\"margin-bottom: 4px; text-align: justify; font-stretch: normal; font-size: 11px; line-height: normal; font-family: Calibri; color: rgb(0, 0, 0);\">O cliente que non abandone \u00e1 devandita hora o aloxamento que ocupa entenderase que prolonga a s\u00faa estancia un d\u00eda m\u00e1is. Esta ampliaci\u00f3n estar\u00e1 sempre supeditada ao acordo entre as partes e \u00e1 dispo\u00f1ibilidade de prazas de igual ou similares caracter\u00edsticas \u00e1s que estaba a ocupar.&nbsp; Estes horarios poden flexibilizarse se as circunstancias perm\u00edteno, deber\u00e1 consultarnos a posibilidade de modificalos con antelaci\u00f3n.<\/p><p style=\"margin-bottom: 4px; text-align: justify; font-stretch: normal; font-size: 11px; line-height: normal; font-family: Calibri; color: rgb(0, 0, 0);\">No caso de que se prevexa a hora de entrada ao aloxamento m\u00e1is tarde das 16 horas, deber\u00e1 avisarse con antelaci\u00f3n no tel\u00e9fono 619148612. De non comunicar chegadas f\u00f3ra de horario, o establecemento poder\u00eda dispo\u00f1er do aloxamento.<\/p><p style=\"margin-bottom: 12px; text-align: justify; font-stretch: normal; font-size: 11px; line-height: normal; font-family: Calibri; color: rgb(0, 0, 0);\">Se o cliente decide a sa\u00edda anticipada do noso establecemento, cobrar\u00e1selle o importe total da estancia pactada.<\/p><p style=\"margin-bottom: 6px; text-align: justify; font-stretch: normal; font-size: 11px; line-height: normal; font-family: Calibri; color: rgb(0, 0, 0);\"><b>NORMAS DE USO DE LOS ALOXAMENTOS<\/b><\/p><ul>\n<li style=\"margin: 0px 0px 4px; text-align: justify; font-stretch: normal; font-size: 11px; line-height: normal; font-family: Calibri; color: rgb(0, 0, 0);\"><span style=\"font-stretch: normal; line-height: normal; font-family: Symbol;\"><\/span>Os clientes do establecemento responsabil\u00edzanse do coidado da cabana durante a s\u00faa estancia nela. Ao finalizar a s\u00faa estancia se hai danos ser\u00e1n abonados polo cliente.<\/li>\n<li style=\"margin: 0px 0px 4px; text-align: justify; font-stretch: normal; font-size: 11px; line-height: normal; font-family: Calibri; color: rgb(0, 0, 0);\"><span style=\"font-stretch: normal; line-height: normal; font-family: Symbol;\"><\/span>Est\u00e1 prohibido fumar no interior das cabanas.<\/li>\n<li style=\"margin: 0px 0px 4px; text-align: justify; font-stretch: normal; font-size: 11px; line-height: normal; font-family: Calibri; color: rgb(0, 0, 0);\"><span style=\"font-stretch: normal; line-height: normal; font-family: Symbol;\"><\/span>Est\u00e1 prohibido a m\u00fasica alta e os ru\u00eddos a partir das 12 da noite.<\/li>\n<li style=\"margin: 0px 0px 4px; text-align: justify; font-stretch: normal; font-size: 11px; line-height: normal; font-family: Calibri; color: rgb(0, 0, 0);\"><span style=\"font-stretch: normal; line-height: normal; font-family: Symbol;\"><\/span>O uso da piscina est\u00e1 limitado \u00e1s horas di\u00farnas, e no caso dos menores de idade deben estar sempre acompa\u00f1ados dun adulto.<\/li>\n<li style=\"margin: 0px 0px 4px; text-align: justify; font-stretch: normal; font-size: 11px; line-height: normal; font-family: Calibri; color: rgb(0, 0, 0);\"><span style=\"font-stretch: normal; line-height: normal; font-family: Symbol;\"><\/span>Debe primar o respecto polo mobiliario, as\u00ed como coidar do inventario.<\/li>\n<li style=\"margin: 0px 0px 4px; text-align: justify; font-stretch: normal; font-size: 11px; line-height: normal; font-family: Calibri; color: rgb(0, 0, 0);\"><span style=\"font-stretch: normal; line-height: normal; font-family: Symbol;\"><\/span>Durante a noite debe haber silencio, as\u00ed como durante o d\u00eda d\u00e9bese respectar aos demais h\u00f3spedes.<\/li>\n<li style=\"margin: 0px 0px 4px; text-align: justify; font-stretch: normal; font-size: 11px; line-height: normal; font-family: Calibri; color: rgb(0, 0, 0);\"><span style=\"font-stretch: normal; line-height: normal; font-family: Symbol;\"><\/span>Mascotas:&nbsp;<\/li>\n<\/ul><ul>\n<li style=\"margin: 0px 0px 4px; text-align: justify; font-stretch: normal; font-size: 11px; line-height: normal; font-family: Calibri; color: rgb(0, 0, 0);\"><span style=\"font-stretch: normal; line-height: normal; font-family: Symbol;\"><\/span>\u00c9 obrigatorio traer a s\u00faa cama para que non busque sitios alternativos para durmir e non senta estra\u00f1o.<\/li>\n<li style=\"margin: 0px 0px 4px; text-align: justify; font-stretch: normal; font-size: 11px; line-height: normal; font-family: Calibri; color: rgb(0, 0, 0);\"><span style=\"font-stretch: normal; line-height: normal; font-family: Symbol;\"><\/span>Non est\u00e1 permitido que utilice o sof\u00e1 e as camas.<\/li>\n<li style=\"margin: 0px 0px 4px; text-align: justify; font-stretch: normal; font-size: 11px; line-height: normal; font-family: Calibri; color: rgb(0, 0, 0);\"><span style=\"font-stretch: normal; line-height: normal; font-family: Symbol;\"><\/span>Para que non moleste a outros h\u00f3spedes ou faga as s\u00faas necesidades onde outros poden&nbsp; revolcarse, non est\u00e1 permitido que anden soltos pola leira. Para poder liberalos al\u00e9n do aloxamento hai unha leira onde poden estar ao seu aire<\/li>\n<li style=\"margin: 0px 0px 12px; text-align: justify; font-stretch: normal; font-size: 11px; line-height: normal; font-family: Calibri; color: rgb(0, 0, 0);\"><span style=\"font-stretch: normal; line-height: normal; font-family: Symbol;\"><\/span>Non est\u00e1 permitido que queden soas no aloxamento. Calquera dano que poida ocasionar ser\u00e1 responsabilidade do seu dono.<\/li>\n<\/ul><p style=\"margin-bottom: 6px; text-align: justify; font-stretch: normal; font-size: 11px; line-height: normal; font-family: Calibri; color: rgb(0, 0, 0);\"><b>CANCELACI\u00d3NS E DEREITO DE DESISTENCIA<\/b><\/p><p style=\"margin-bottom: 4px; text-align: justify; font-stretch: normal; font-size: 11px; line-height: normal; font-family: Calibri; color: rgb(0, 0, 0);\">En todo momento o usuario poder\u00e1 desistir da reserva efectuada, tendo dereito \u00e1 devoluci\u00f3n das cantidades que abonase, nas seguintes condici\u00f3ns:<\/p><ul>\n<li style=\"margin: 0px 0px 4px; text-align: justify; font-stretch: normal; font-size: 11px; line-height: normal; font-family: Calibri; color: rgb(0, 0, 0);\"><span style=\"font-stretch: normal; line-height: normal; font-family: Symbol;\"><\/span>Devolverase o di\u00f1eiro da reserva en caso de cancelaci\u00f3n con m\u00e1is de 15 d\u00edas de antelaci\u00f3n \u00e1 data de chegada.<\/li>\n<li style=\"margin: 0px 0px 4px; text-align: justify; font-stretch: normal; font-size: 11px; line-height: normal; font-family: Calibri; color: rgb(0, 0, 0);\"><span style=\"font-stretch: normal; line-height: normal; font-family: Symbol;\"><\/span>Cobrarase o 40% da reserva en caso de cancelaci\u00f3n entre 15 e 7 d\u00edas antes da data de chegada.<\/li>\n<li style=\"margin: 0px 0px 4px; text-align: justify; font-stretch: normal; font-size: 11px; line-height: normal; font-family: Calibri; color: rgb(0, 0, 0);\"><span style=\"font-stretch: normal; line-height: normal; font-family: Symbol;\"><\/span>Cobrarase o 100% da reserva en caso de cancelaci\u00f3n entre 7 d\u00edas e a data de chegada.<\/li>\n<\/ul><p style=\"margin-bottom: 4px; text-align: justify; font-stretch: normal; font-size: 11px; line-height: normal; font-family: Calibri; color: rgb(0, 0, 0);\">Para exercitar o dereito de desistencia deber\u00e1 comunic\u00e1rnolo a trav\u00e9s do&nbsp; tel\u00e9fono 619148612 ou utilizando o formulario de contacto da p\u00e1xina web, indicando os seus datos de reserva.<\/p><p style=\"margin-bottom: 4px; text-align: justify; font-stretch: normal; font-size: 11px; line-height: normal; font-family: Calibri; color: rgb(0, 0, 0); min-height: 13px;\"><br><\/p><p style=\"margin-bottom: 0px; text-align: justify; font-stretch: normal; font-size: 11px; line-height: normal; font-family: Calibri; color: rgb(0, 0, 0);\"><b>ATENCI\u00d3N O CLIENTE&nbsp;<\/b><\/p><p style=\"margin-bottom: 0px; text-align: justify; font-stretch: normal; font-size: 11px; line-height: normal; font-family: Calibri; color: rgb(0, 0, 0);\">Para comunicarse connosco, no noso departamento de atenci\u00f3n ao cliente, po\u00f1emos \u00e1 s\u00faa disposici\u00f3n diferentes medios de contacto que detallamos a continuaci\u00f3n:<span style=\"color: rgb(38, 38, 38);\">&nbsp;<\/span><\/p><p style=\"margin-bottom: 0px; text-align: justify; font-stretch: normal; font-size: 11px; line-height: normal; font-family: Calibri; color: rgb(38, 38, 38);\">\u2022 Tel\u00e9fono: 619148612. Horario de atenci\u00f3n telef\u00f3nica de luns a domingo de 09 a 21 h.&nbsp;<\/p><p style=\"margin-bottom: 0px; text-align: justify; font-stretch: normal; font-size: 11px; line-height: normal; font-family: Calibri; color: rgb(11, 76, 180);\"><span style=\"color: #262626\">\u2022 E-mail: <a href=\"mailto:info@cabanasdevendaval.com\"><span style=\"text-decoration: underline ; color: #0b4cb4\">info@cabanasdevendaval.com<\/span><\/a>&nbsp;<\/span><\/p><p style=\"margin-bottom: 6px; text-align: justify; font-stretch: normal; font-size: 11px; line-height: normal; font-family: Calibri; color: rgb(38, 38, 38);\">\u2022 Direcci\u00f3n postal: R\u00daA PORTO DE BARIZO 10A, 15113 &#8211; BARIZO &#8211; MALPICA DE BERGANTI\u00d1OS (A Coru\u00f1a)&nbsp;<\/p><p style=\"margin-bottom: 6px; text-align: justify; font-stretch: normal; font-size: 11px; line-height: normal; font-family: Calibri; color: rgb(0, 0, 0);\">Todas as comunicaci\u00f3ns e notificaci\u00f3ns entre os usuarios e MARIA BEATRIZ VERDES VEIGA consideraranse eficaces para todos os efectos, cando se realicen a trav\u00e9s de calquera medio dos detallados anteriormente.&nbsp;<\/p><p style=\"margin-bottom: 6px; text-align: justify; font-stretch: normal; font-size: 11px; line-height: normal; font-family: Calibri; color: rgb(0, 0, 0);\">Existen follas de reclamaci\u00f3ns ao dispor do cliente, que poder\u00e1n solicitar a trav\u00e9s dos medios anteriormente mencionados&nbsp;<\/p><p style=\"margin-bottom: 0px; text-align: justify; font-stretch: normal; font-size: 11px; line-height: normal; font-family: Calibri; color: rgb(0, 0, 0); min-height: 13px;\"><b><\/b><br><\/p><p style=\"margin-bottom: 10px; text-align: justify; font-stretch: normal; font-size: 11px; line-height: normal; font-family: Calibri; color: rgb(0, 0, 0);\"><b>XURISDICI\u00d3N E COMPETENCIA&nbsp;<\/b><\/p><p style=\"margin-bottom: 10px; text-align: justify; font-stretch: normal; font-size: 11px; line-height: normal; font-family: Calibri; color: rgb(0, 0, 0);\">No caso de que interve\u00f1a un consumidor e usuario, as partes som\u00e9tense, para a resoluci\u00f3n de conflitos derivados das presentes condici\u00f3ns xerais de venda, aos Xulgados e Tribunais da orde civil correspondentes ao domicilio do consumidor, en virtude da s\u00faa normativa espec\u00edfica.<\/p>\t\t\t\t\t\t\t\t<\/div>\n\t\t\t\t<\/div>\n\t\t\t\t\t<\/div>\n\t\t<\/div>\n\t\t\t\t\t<\/div>\n\t\t<\/section>\n\t\t\t\t<\/div>\n\t\t","protected":false},"excerpt":{"rendered":"<p>CONDICI\u00d3NS XERAIS DE CONTRATACI\u00d3N ONLINE&nbsp; Todas as reservas que se realicen a trav\u00e9s do portal www.cabanasdevendaval.com (en diante, a Web), propiedade de MARIA BEATRIZ VERDES VEIGA , est\u00e1n suxeitas a estas condici\u00f3ns xerais de contrataci\u00f3n (en diante, CGC).&nbsp; As CGC complem\u00e9ntanse co Aviso Legal e a Pol\u00edtica de Privacidade, que deber\u00e1n ser aceptadas integramente polos [&hellip;]<\/p>\n","protected":false},"author":1,"featured_media":0,"parent":0,"menu_order":0,"comment_status":"closed","ping_status":"closed","template":"","meta":{"inline_featured_image":false,"footnotes":""},"class_list":["post-2009","page","type-page","status-publish","hentry"],"_links":{"self":[{"href":"https:\/\/cabanasdevendaval.com\/gl\/wp-json\/wp\/v2\/pages\/2009"}],"collection":[{"href":"https:\/\/cabanasdevendaval.com\/gl\/wp-json\/wp\/v2\/pages"}],"about":[{"href":"https:\/\/cabanasdevendaval.com\/gl\/wp-json\/wp\/v2\/types\/page"}],"author":[{"embeddable":true,"href":"https:\/\/cabanasdevendaval.com\/gl\/wp-json\/wp\/v2\/users\/1"}],"replies":[{"embeddable":true,"href":"https:\/\/cabanasdevendaval.com\/gl\/wp-json\/wp\/v2\/comments?post=2009"}],"version-history":[{"count":9,"href":"https:\/\/cabanasdevendaval.com\/gl\/wp-json\/wp\/v2\/pages\/2009\/revisions"}],"predecessor-version":[{"id":8327,"href":"https:\/\/cabanasdevendaval.com\/gl\/wp-json\/wp\/v2\/pages\/2009\/revisions\/8327"}],"wp:attachment":[{"href":"https:\/\/cabanasdevendaval.com\/gl\/wp-json\/wp\/v2\/media?parent=2009"}],"curies":[{"name":"wp","href":"https:\/\/api.w.org\/{rel}","templated":true}]}}