{"id":2007,"date":"2020-07-06T18:26:46","date_gmt":"2020-07-06T16:26:46","guid":{"rendered":"https:\/\/cabanasdevendaval.com\/confirmar-reserva\/"},"modified":"2020-07-06T18:26:46","modified_gmt":"2020-07-06T16:26:46","slug":"confirmar-reserva","status":"publish","type":"page","link":"https:\/\/cabanasdevendaval.com\/gl\/confirmar-reserva\/","title":{"rendered":"Confirmar Reserva"},"content":{"rendered":"<div class=\"mphb_sc_checkout-wrapper \"><\/div><p class=\"has-text-align-center\"><a href=\"https:\/\/cabanasdevendaval.com\/gl\/politica-de-venda-cancelacion-e-devolucion\/\" target=\"_blank\" rel=\"noreferrer noopener\">Pol\u00edtica de venda, cancelaci\u00f3n e devoluci\u00f3n<\/a><\/p>","protected":false},"excerpt":{"rendered":"<p>Pol\u00edtica de venda, cancelaci\u00f3n e devoluci\u00f3n<\/p>\n","protected":false},"author":1,"featured_media":0,"parent":0,"menu_order":0,"comment_status":"closed","ping_status":"closed","template":"","meta":{"inline_featured_image":false,"footnotes":""},"class_list":["post-2007","page","type-page","status-publish","hentry"],"_links":{"self":[{"href":"https:\/\/cabanasdevendaval.com\/gl\/wp-json\/wp\/v2\/pages\/2007"}],"collection":[{"href":"https:\/\/cabanasdevendaval.com\/gl\/wp-json\/wp\/v2\/pages"}],"about":[{"href":"https:\/\/cabanasdevendaval.com\/gl\/wp-json\/wp\/v2\/types\/page"}],"author":[{"embeddable":true,"href":"https:\/\/cabanasdevendaval.com\/gl\/wp-json\/wp\/v2\/users\/1"}],"replies":[{"embeddable":true,"href":"https:\/\/cabanasdevendaval.com\/gl\/wp-json\/wp\/v2\/comments?post=2007"}],"version-history":[{"count":1,"href":"https:\/\/cabanasdevendaval.com\/gl\/wp-json\/wp\/v2\/pages\/2007\/revisions"}],"predecessor-version":[{"id":2008,"href":"https:\/\/cabanasdevendaval.com\/gl\/wp-json\/wp\/v2\/pages\/2007\/revisions\/2008"}],"wp:attachment":[{"href":"https:\/\/cabanasdevendaval.com\/gl\/wp-json\/wp\/v2\/media?parent=2007"}],"curies":[{"name":"wp","href":"https:\/\/api.w.org\/{rel}","templated":true}]}}