{"id":1701,"date":"2020-06-30T18:34:31","date_gmt":"2020-06-30T16:34:31","guid":{"rendered":"https:\/\/cabanasdevendaval.com\/prezos\/"},"modified":"2025-01-27T17:27:54","modified_gmt":"2025-01-27T16:27:54","slug":"prezos","status":"publish","type":"page","link":"https:\/\/cabanasdevendaval.com\/gl\/prezos\/","title":{"rendered":"Prezos"},"content":{"rendered":"<hr class=\"wp-block-separator has-text-color has-blue-color has-css-opacity has-blue-background-color has-background is-style-wide\"\/><div class=\"wp-block-columns is-layout-flex wp-container-core-columns-is-layout-1 wp-block-columns-is-layout-flex\"><div class=\"wp-block-column is-layout-flow wp-block-column-is-layout-flow\"><p class=\"has-text-align-center\"><strong><mark style=\"background-color:rgba(0, 0, 0, 0)\" class=\"has-inline-color has-blue-color\">TEMPORADA ALTA<\/mark><\/strong><br><strong>Cabana est\u00e1ndar<\/strong>:<br>1\/2 pax &#8211; 135\u20ac \/ 3\/4 pax &#8211; 165\u20ac<br><strong>Cabana suite:<\/strong><br>1\/2 pax &#8211; 155\u20ac<\/p>\n\n<p class=\"has-text-align-center\"><em>Pax adicional &#8211; 20\u20ac<\/em><\/p>\n\n<p class=\"has-text-align-center\"><strong>Apartamento<\/strong>:<br>110\u20ac<\/p><\/div>\n\n<div class=\"wp-block-column is-layout-flow wp-block-column-is-layout-flow\"><p class=\"has-text-align-center\"><strong><mark style=\"background-color:rgba(0, 0, 0, 0)\" class=\"has-inline-color has-blue-color\">TEMPORADA BAIXA<\/mark><\/strong><br><strong>Cabana est\u00e1ndar<\/strong>:<br>1\/2 pax &#8211; 100\u20ac \/ 3\/4 pax &#8211; 130\u20ac<br><strong>Cabana suite<\/strong>:<br>1\/2 pax &#8211; 145\u20ac<\/p>\n\n<p class=\"has-text-align-center\"><em>Pax adicional &#8211; 15\u20ac<\/em><\/p>\n\n<p class=\"has-text-align-center\"><strong>Apartamento<\/strong>:<br>60\u20ac<\/p><\/div><\/div><hr class=\"wp-block-separator has-text-color has-blue-color has-css-opacity has-blue-background-color has-background is-style-wide\"\/><p class=\"has-text-align-center\"><em><strong>Almorzo: <\/strong>10\u20ac Pax previo encargo<\/em> <em>(solo cabanas).<\/em><br> <em>O aloxamento para nenos de ata 3 anos \u00e9 gratu\u00edto,<br> polo tanto non se deben inclu\u00edr no n\u00famero de h\u00f3spedes.<\/em><\/p><hr class=\"wp-block-separator has-text-color has-blue-color has-css-opacity has-blue-background-color has-background is-style-wide\"\/><div class=\"wp-block-getwid-icon-box has-text-center\"><div class=\"wp-block-getwid-icon-box__icon-container is-position-top\"><div class=\"wp-block-getwid-icon-box__icon-wrapper\"><i class=\"fas fa-bell\"><\/i><\/div><\/div><div class=\"wp-block-getwid-icon-box__content\"><p class=\"has-medium-font-size\"><strong><span class=\"has-inline-color has-blue-color\">NORMAS<\/span><\/strong><\/p>\n\n<p><b>Recepci\u00f3n non permanente<\/b>:<br>Acceso \u00f3 recinto e \u00e1s cabanas a trav\u00e9s de <b>c\u00f3digo<\/b>. As <b>entradas de reserva<\/b> d\u00e9bense realizar a partir das <b>16:00 horas<\/b>, mentres que as <b>sa\u00eddas<\/b>, ata as <b>12:00 h.<\/b><\/p>\n\n<p><strong>Horario<\/strong>:<br>Entradas a partir das 16 h. e saidas antes das 12 h. Estancia m\u00ednima en temporada alta: 3 noites.<\/p>\n\n<p><strong>Temporada alta:<\/strong><br>Do 1 de xullo o 31 de agosto.<\/p>\n\n<p><strong>Temporada baixa:<\/strong><br>Resto do ano.<\/p>\n\n<p><strong>Normas de la estancia:<\/strong><br>Os clientes do establecemento responsabilizanse do coidado da cabana durante a sua estancia nela.<br>O rematar a estancia si hai danos ser\u00e1n abonados polo cliente. Est\u00e1 prohibido fumar no interior das cabanas.<br>Est\u00e1 prohibida a m\u00fasica alta e os ruidos a partires das 12 da noite.<\/p>\n\n<p><b>Uso da piscina<\/b>:<br>O emprego do estanque est\u00e1 limitado \u00e1s <b>horas di\u00farnas<\/b>, e no caso dos <b>menores de idade<\/b>, deben estar sempre acompa\u00f1ados dun <b>adulto.<\/b><\/p>\n\n<p><b>Coidado das instalaci\u00f3ns<\/b>:<br>Debe primar o <b>respecto<\/b> polo <b>mobiliario<\/b>, as\u00ed como coidar do i<b>nventario.<\/b><\/p>\n\n<p><b>Ru\u00eddo<\/b>:<br>Durante a <b>noite<\/b> debe haber <b>silencio<\/b>, as\u00ed como polo <b>d\u00eda<\/b> hai que respectar aos demais <b>h\u00f3spedes<\/b><\/p>\n\n<p><strong>Mascotas:<br><\/strong>O aloxamento para mascotas ten un custo de 10\u20ac \/ noite.<br>\u00c9 obrigatorio traer a cama para que non busque lugares alternativos para durmir e non se sinta estra\u00f1o.<br>Non est\u00e1 permitido usar o sof\u00e1 e as camas.<br>Para que non moleste a outros h\u00f3spedes nin se alivie onde outros se poden revolcar, non se lles permite vagar pola granxa. Para poder soltalos ao outro lado do aloxamento hai unha granxa onde estar no seu lecer.<br>Non est\u00e1 permitido quedarse s\u00f3 na cabina.<br>Calquera dano que poida causarse ser\u00e1 responsabilidade do seu propietario.<\/p>\n\n<hr class=\"wp-block-separator has-text-color has-blue-color has-css-opacity has-blue-background-color has-background is-style-wide\"\/>\n\n<p class=\"has-medium-font-size\"><strong><span class=\"has-inline-color has-blue-color\">POL\u00cdTICA DE CANCELACI\u00d3N<\/span><\/strong><\/p>\n\n<p>Non se permiten modificaci\u00f3ns de reservas por motivos meteorol\u00f3xicos. As cancelaci\u00f3ns por este motivo rexeranse pola nosa pol\u00edtica de cancelaci\u00f3n aplicando as porcentaxes de reserva correspondentes.<\/p>\n\n<p>Devolverase o di\u00f1eiro da reserva en caso de cancelaci\u00f3n con m\u00e1is de 15 d\u00edas de antelaci\u00f3n \u00e1 data de chegada.<\/p>\n\n<p>Cobrarase o 40% da reserva en caso de cancelaci\u00f3n entre 15 e 7 d\u00edas antes da data de chegada.<\/p>\n\n<p>Cobrarase o 100% da reserva en caso de cancelaci\u00f3n entre os 7 d\u00edas e a data de chegada.<\/p>\n\n<p><strong>Condici\u00f3ns do pago<\/strong><br>A reserva implica o abono do 40% do importe total para confirmala.<\/p><\/div><\/div><p><\/p>","protected":false},"excerpt":{"rendered":"<p>TEMPORADA ALTACabana est\u00e1ndar:1\/2 pax &#8211; 135\u20ac \/ 3\/4 pax &#8211; 165\u20acCabana suite:1\/2 pax &#8211; 155\u20ac Pax adicional &#8211; 20\u20ac Apartamento:110\u20ac TEMPORADA BAIXACabana est\u00e1ndar:1\/2 pax &#8211; 100\u20ac \/ 3\/4 pax &#8211; 130\u20acCabana suite:1\/2 pax &#8211; 145\u20ac Pax adicional &#8211; 15\u20ac Apartamento:60\u20ac Almorzo: 10\u20ac Pax previo encargo (solo cabanas). O aloxamento para nenos de ata 3 anos [&hellip;]<\/p>\n","protected":false},"author":1,"featured_media":0,"parent":0,"menu_order":0,"comment_status":"closed","ping_status":"closed","template":"","meta":{"inline_featured_image":false,"footnotes":""},"class_list":["post-1701","page","type-page","status-publish","hentry"],"_links":{"self":[{"href":"https:\/\/cabanasdevendaval.com\/gl\/wp-json\/wp\/v2\/pages\/1701"}],"collection":[{"href":"https:\/\/cabanasdevendaval.com\/gl\/wp-json\/wp\/v2\/pages"}],"about":[{"href":"https:\/\/cabanasdevendaval.com\/gl\/wp-json\/wp\/v2\/types\/page"}],"author":[{"embeddable":true,"href":"https:\/\/cabanasdevendaval.com\/gl\/wp-json\/wp\/v2\/users\/1"}],"replies":[{"embeddable":true,"href":"https:\/\/cabanasdevendaval.com\/gl\/wp-json\/wp\/v2\/comments?post=1701"}],"version-history":[{"count":19,"href":"https:\/\/cabanasdevendaval.com\/gl\/wp-json\/wp\/v2\/pages\/1701\/revisions"}],"predecessor-version":[{"id":7388,"href":"https:\/\/cabanasdevendaval.com\/gl\/wp-json\/wp\/v2\/pages\/1701\/revisions\/7388"}],"wp:attachment":[{"href":"https:\/\/cabanasdevendaval.com\/gl\/wp-json\/wp\/v2\/media?parent=1701"}],"curies":[{"name":"wp","href":"https:\/\/api.w.org\/{rel}","templated":true}]}}