{"id":1693,"date":"2020-06-30T18:15:45","date_gmt":"2020-06-30T16:15:45","guid":{"rendered":"https:\/\/cabanasdevendaval.com\/actividades\/"},"modified":"2020-08-10T12:58:06","modified_gmt":"2020-08-10T10:58:06","slug":"actividades","status":"publish","type":"page","link":"https:\/\/cabanasdevendaval.com\/gl\/actividades\/","title":{"rendered":"Actividades"},"content":{"rendered":"<div class=\"wp-block-getwid-section alignwide alignwide\"><div class=\"wp-block-getwid-section__wrapper\" style=\"padding-top:0px\"><div class=\"wp-block-getwid-section__inner-wrapper\"><div class=\"wp-block-getwid-section__background-holder\"><div class=\"wp-block-getwid-section__background\"><\/div><div class=\"wp-block-getwid-section__foreground\"><\/div><\/div><div class=\"wp-block-getwid-section__content\"><div class=\"wp-block-getwid-section__inner-content\"><h2 class=\"has-blue-color has-text-color has-text-align-center wp-block-heading\"><strong>Malpica ofrece m\u00faltiples opci\u00f3ns para activarte. \u00a1Toma nota!<\/strong><\/h2>\n\n<div style=\"height:50px\" aria-hidden=\"true\" class=\"wp-block-spacer\"><\/div>\n\n<p><strong>Acu\u00e1ticas:\u00a0<\/strong>O fondo do mar de Malpica ofrece unha moi <strong>rica biodiversidade<\/strong>. A empresa <strong>Buceo Malpica<\/strong> explora a <strong>Barca de Mah\u00e9<\/strong> e as <strong>Illas Sisargas<\/strong>, entre outros lugares. Tam\u00e9n as <strong>praias Area Maior<\/strong> e <strong>de Seaia<\/strong> at\u00f3panse entre as mellores da comarca para cabalgar as ondas. <strong>Silfo Surf Camp<\/strong> e <strong>One<\/strong> <strong>Surf Academy<\/strong> s\u00e1canlle o mellor partido. <strong>Surca<\/strong>\u00a0organiza saidas de pesca e paseos en lancha e kayak.<\/p>\n\n<p><b>Sendeirismo<\/b> e<b> ciclismo<\/b>: Malpica goza de moitas sendas moi <b>ben coidadas<\/b> \u00e1 <b>beira do mar<\/b> cunhas <b>vistas \u00fanicas.<\/b> O<b> Cami\u00f1o dos Faros<\/b>, a <b>ruta dos Pinos do Mar<\/b> e o <b>sendeiro de Malpica a San Adri\u00e1n<\/b> son algunhas delas. A <b>Asociaci\u00f3n Traski<\/b> e <b>Malpica Salitre<\/b> organizan actividades deste tipo.<\/p>\n\n<p><b>Olar\u00eda<\/b>: este municipio ten un tesouro en <b>Bu\u00f1o <\/b>coa olar\u00eda. Conserva esta tradici\u00f3n de traballar o <b>barro <\/b>dende o s\u00e9culo XVI, ata converterse, a d\u00eda de hoxe, no <b>maior pobo oleiro de Galicia<\/b>. O <b>ecomuseo Forno do Forte<\/b> e as diversas <b>tendas<\/b>, son alg\u00fans dos lugares de visita obrigada. <b>Cer\u00e1mica Creare<\/b> \u00e9 un dos establecementos que ofrece <b>obradoiros de creaci\u00f3n de pezas.<\/b><\/p>\n\n<p><b>Artesan\u00eda mari\u00f1eira<\/b>: a vila malpic\u00e1 conta cun importante n\u00famero de <b>xente dedicada \u00f3 mar<\/b>. A s\u00faa actividade pode co\u00f1ecerse en directo no propio <b>porto<\/b>, na <b>nave das atadoras<\/b>, na <b>lonxa<\/b> ou nas propias <b>casetas<\/b> dos mari\u00f1eiros. As atadoras, repartidas en d\u00faas asociaci\u00f3ns \u2014O Fieital e Mar da Illa\u2014, tam\u00e9n imparten en ocasi\u00f3ns talleres para co\u00f1ecer de preto o seu labor, \u00e1s veces reconvertido en artesan\u00eda moderna.<\/p>\n\n<p><strong>Festas<\/strong>: Malpica conta cun amplo abanico de festas. Dende as tradicionais como son as de <strong>Corpus<\/strong>, de <strong>San Adri\u00e1n<\/strong> e do <strong>Mar<\/strong>, ata outras m\u00e1is modernas como a da <strong>Xuventude<\/strong>. A Comisi\u00f3n de Festas Est\u00e1diga aborda a maior\u00eda delas. Ben importantes son tam\u00e9n a <strong>Mostra da Oler\u00eda de Bu\u00f1o<\/strong>, a <strong>Galega<\/strong> e a <strong>Feira Medieval<\/strong>, entre outras moitas que se levan a cabo nas distintas <strong>parroquias<\/strong>.<\/p>\n\n<p><div class=\"entry-content\">&#13;\n<div class=\"wp-block-getwid-section alignfull alignfull getwid-init\">&#13;\n<div class=\"wp-block-getwid-section__wrapper\">&#13;\n<div class=\"wp-block-getwid-section__inner-wrapper\">&#13;\n<div class=\"wp-block-getwid-section__content\">&#13;\n<div class=\"wp-block-getwid-section__inner-content\">&#13;\n&#13;\n<strong>Concello<\/strong> e <strong>entidades locais<\/strong> como son a <strong>Asociaci\u00f3n Cultural Malante<\/strong>, <strong>AC Carcax\u00eda<\/strong> e <strong>Raiga\u00f1as<\/strong>, entre outras, levan a cabo distintas <strong>actividades l\u00fadico-deportivas-culturais<\/strong> ao largo de <strong>todo o ano<\/strong>.&#13;\n&#13;\n<\/div>&#13;\n<\/div>&#13;\n<\/div>&#13;\n<\/div>&#13;\n<\/div>&#13;\n<\/div>&#13;\n<footer class=\"entry-footer\"><\/footer><\/p><\/div><\/div><\/div><\/div><\/div>","protected":false},"excerpt":{"rendered":"","protected":false},"author":1,"featured_media":1657,"parent":0,"menu_order":0,"comment_status":"closed","ping_status":"closed","template":"","meta":{"inline_featured_image":false,"footnotes":""},"class_list":["post-1693","page","type-page","status-publish","has-post-thumbnail","hentry"],"_links":{"self":[{"href":"https:\/\/cabanasdevendaval.com\/gl\/wp-json\/wp\/v2\/pages\/1693"}],"collection":[{"href":"https:\/\/cabanasdevendaval.com\/gl\/wp-json\/wp\/v2\/pages"}],"about":[{"href":"https:\/\/cabanasdevendaval.com\/gl\/wp-json\/wp\/v2\/types\/page"}],"author":[{"embeddable":true,"href":"https:\/\/cabanasdevendaval.com\/gl\/wp-json\/wp\/v2\/users\/1"}],"replies":[{"embeddable":true,"href":"https:\/\/cabanasdevendaval.com\/gl\/wp-json\/wp\/v2\/comments?post=1693"}],"version-history":[{"count":10,"href":"https:\/\/cabanasdevendaval.com\/gl\/wp-json\/wp\/v2\/pages\/1693\/revisions"}],"predecessor-version":[{"id":2628,"href":"https:\/\/cabanasdevendaval.com\/gl\/wp-json\/wp\/v2\/pages\/1693\/revisions\/2628"}],"wp:featuredmedia":[{"embeddable":true,"href":"https:\/\/cabanasdevendaval.com\/gl\/wp-json\/wp\/v2\/media\/1657"}],"wp:attachment":[{"href":"https:\/\/cabanasdevendaval.com\/gl\/wp-json\/wp\/v2\/media?parent=1693"}],"curies":[{"name":"wp","href":"https:\/\/api.w.org\/{rel}","templated":true}]}}