{"id":1652,"date":"2020-06-30T12:12:15","date_gmt":"2020-06-30T10:12:15","guid":{"rendered":"https:\/\/cabanasdevendaval.com\/contorna\/"},"modified":"2020-07-06T18:54:00","modified_gmt":"2020-07-06T16:54:00","slug":"contorna","status":"publish","type":"page","link":"https:\/\/cabanasdevendaval.com\/gl\/contorna\/","title":{"rendered":"Contorna"},"content":{"rendered":"<div class=\"wp-block-getwid-section alignfull alignfull\"><div class=\"wp-block-getwid-section__wrapper\"><div class=\"wp-block-getwid-section__inner-wrapper\"><div class=\"wp-block-getwid-section__background-holder\"><div class=\"wp-block-getwid-section__background\"><\/div><div class=\"wp-block-getwid-section__foreground\"><\/div><\/div><div class=\"wp-block-getwid-section__content\"><div class=\"wp-block-getwid-section__inner-content\"><p class=\"has-normal-font-size\">Pregunt\u00e1cheste o por que do nome de Cabanas de Vendaval? <b>Barizo<\/b> \u00e9 un territorio no que se practican d\u00faas actividades do sector primario como son a pesca e a agricultura. No referido \u00e1 primeira, conta cun pequeno <b>porto<\/b> que serve para resgardar \u00e1s pequenas<b> embarcaci\u00f3ns<\/b> do mal <b>mar<\/b>. Anos atr\u00e1s, tivo m\u00e1is actividade que hoxe en d\u00eda, que se concentra, maioritariamente, no porto de Malpica. Entre os profesionais do mar neste recuncho do municipio, destacan os <b>percebeiros<\/b> e os <b>polbeiros<\/b>. Outros, ded\u00edcanse a recoller <b>golfe<\/b>. Entre a xente de mar que parte do porto malpic\u00e1n, predominan dous falares. \u00abImos pa\u2019 <b>vendaval<\/b>\u00bb, cando toman rumbo \u00f3 oeste de Galicia, pasando por Barizo, ou \u00abTirando pa\u2019 nordeste\u00bb, isto \u00e9, cando se dirixen \u00e1 Coru\u00f1a. A expresi\u00f3n \u00abvendaval\u00bb d\u00e9bese aos fortes ventos que ve\u00f1en de forma s\u00fabita dende o oeste. Se polo contrario ve\u00f1en do nordeste, informan de que se achega un anticicl\u00f3n.<\/p>\n\n<p>Neste sentido, o <b>Faro de Punta Nariga<\/b> conv\u00e9rtese nun lugar de visita obrigada. \u00c9 o faro de construci\u00f3n m\u00e1is moderna de Galicia, pois foi o \u00faltimo en levantarse. Vivir a posta de sol, coas Illas Sisargas \u00f3 outro lado e o mar batendo nas rocas, \u00e9 un momento m\u00e1xico. Tam\u00e9n cando hai vento&#8230; hai que agarrarse!<\/p>\n\n<p>Por outra parte, en Barizo predominan as grandes plantaci\u00f3ns de <b>cebolas<\/b>, e os sitios onde probalas. Conta co \u00fanico restaurante da Costa da Morte con estrela Michelin como \u00e9 <b>As Garzas<\/b>; con <b>Casa da Vasca, <\/b>onde un pode darse unha boa homenaxe,<b> <\/b>e co <b>Bar Xan, <\/b>que triunfa cos seus pinchos.<\/p>\n\n<p>O <b>Monte da Insua<\/b> e as <b>praias de Barizo e Seiruga<\/b> completan a folla de ruta a seguir por esta parroquia de Malpica. E en relaci\u00f3n coas ondas, non te perdas o <b>arco iris <\/b>reflectido nelas. Barizo re\u00fane todas as condici\u00f3ns que fan posible o colorido fen\u00f3meno sen<span class=\"Apple-converted-space\">&nbsp; <\/span>necesidade de que interve\u00f1a a choiva. Pero o municipio ofrece moito m\u00e1is!<\/p><\/div><\/div><\/div><\/div><\/div><div class=\"wp-block-getwid-section alignfull alignfull\"><div class=\"wp-block-getwid-section__wrapper getwid-padding-top-none getwid-padding-bottom-none getwid-padding-left-medium getwid-padding-right-medium getwid-padding-mobile-left-small getwid-padding-mobile-right-small\"><div class=\"wp-block-getwid-section__inner-wrapper\"><div class=\"wp-block-getwid-section__background-holder\"><div class=\"wp-block-getwid-section__background\"><\/div><div class=\"wp-block-getwid-section__foreground\"><\/div><\/div><div class=\"wp-block-getwid-section__content\"><div class=\"wp-block-getwid-section__inner-content\"><figure class=\"wp-block-gallery aligncenter columns-3 is-cropped wp-block-gallery-1 is-layout-flex wp-block-gallery-is-layout-flex\"><ul class=\"blocks-gallery-grid\"><li class=\"blocks-gallery-item\"><figure><a href=\"http:\/\/cabanasdevendaval.com\/wp-content\/uploads\/2020\/06\/dolmen-malpica.jpg\"><img fetchpriority=\"high\" decoding=\"async\" width=\"1024\" height=\"683\" src=\"https:\/\/cabanasdevendaval.com\/wp-content\/uploads\/2020\/06\/dolmen-malpica-1024x683.jpg\" alt=\"\" data-id=\"1294\" data-full-url=\"http:\/\/cabanasdevendaval.com\/wp-content\/uploads\/2020\/06\/dolmen-malpica.jpg\" data-link=\"http:\/\/cabanasdevendaval.com\/entorno\/dolmen-malpica\/\" class=\"wp-image-1294\" srcset=\"https:\/\/cabanasdevendaval.com\/wp-content\/uploads\/2020\/06\/dolmen-malpica-1024x683.jpg 1024w, https:\/\/cabanasdevendaval.com\/wp-content\/uploads\/2020\/06\/dolmen-malpica-600x400.jpg 600w, https:\/\/cabanasdevendaval.com\/wp-content\/uploads\/2020\/06\/dolmen-malpica-300x200.jpg 300w, https:\/\/cabanasdevendaval.com\/wp-content\/uploads\/2020\/06\/dolmen-malpica-768x512.jpg 768w, https:\/\/cabanasdevendaval.com\/wp-content\/uploads\/2020\/06\/dolmen-malpica-1536x1024.jpg 1536w, https:\/\/cabanasdevendaval.com\/wp-content\/uploads\/2020\/06\/dolmen-malpica-2048x1366.jpg 2048w, https:\/\/cabanasdevendaval.com\/wp-content\/uploads\/2020\/06\/dolmen-malpica-1170x780.jpg 1170w\" sizes=\"(max-width: 1024px) 100vw, 1024px\" \/><\/a><\/figure><\/li><li class=\"blocks-gallery-item\"><figure><a href=\"http:\/\/cabanasdevendaval.com\/wp-content\/uploads\/2020\/06\/faro-nariga-01.jpg\"><img decoding=\"async\" width=\"1024\" height=\"683\" src=\"https:\/\/cabanasdevendaval.com\/wp-content\/uploads\/2020\/06\/faro-nariga-01-1024x683.jpg\" alt=\"\" data-id=\"1295\" data-full-url=\"http:\/\/cabanasdevendaval.com\/wp-content\/uploads\/2020\/06\/faro-nariga-01.jpg\" data-link=\"http:\/\/cabanasdevendaval.com\/entorno\/faro-nariga-01\/\" class=\"wp-image-1295\" srcset=\"https:\/\/cabanasdevendaval.com\/wp-content\/uploads\/2020\/06\/faro-nariga-01-1024x683.jpg 1024w, https:\/\/cabanasdevendaval.com\/wp-content\/uploads\/2020\/06\/faro-nariga-01-600x400.jpg 600w, https:\/\/cabanasdevendaval.com\/wp-content\/uploads\/2020\/06\/faro-nariga-01-300x200.jpg 300w, https:\/\/cabanasdevendaval.com\/wp-content\/uploads\/2020\/06\/faro-nariga-01-768x512.jpg 768w, https:\/\/cabanasdevendaval.com\/wp-content\/uploads\/2020\/06\/faro-nariga-01-1536x1024.jpg 1536w, https:\/\/cabanasdevendaval.com\/wp-content\/uploads\/2020\/06\/faro-nariga-01-2048x1366.jpg 2048w, https:\/\/cabanasdevendaval.com\/wp-content\/uploads\/2020\/06\/faro-nariga-01-1170x780.jpg 1170w\" sizes=\"(max-width: 1024px) 100vw, 1024px\" \/><\/a><\/figure><\/li><li class=\"blocks-gallery-item\"><figure><a href=\"http:\/\/cabanasdevendaval.com\/wp-content\/uploads\/2020\/06\/faro-nariga-02.jpg\"><img decoding=\"async\" width=\"1024\" height=\"683\" src=\"https:\/\/cabanasdevendaval.com\/wp-content\/uploads\/2020\/06\/faro-nariga-02-1024x683.jpg\" alt=\"\" data-id=\"1296\" data-full-url=\"http:\/\/cabanasdevendaval.com\/wp-content\/uploads\/2020\/06\/faro-nariga-02.jpg\" data-link=\"http:\/\/cabanasdevendaval.com\/entorno\/faro-nariga-02\/\" class=\"wp-image-1296\" srcset=\"https:\/\/cabanasdevendaval.com\/wp-content\/uploads\/2020\/06\/faro-nariga-02-1024x683.jpg 1024w, https:\/\/cabanasdevendaval.com\/wp-content\/uploads\/2020\/06\/faro-nariga-02-600x400.jpg 600w, https:\/\/cabanasdevendaval.com\/wp-content\/uploads\/2020\/06\/faro-nariga-02-300x200.jpg 300w, https:\/\/cabanasdevendaval.com\/wp-content\/uploads\/2020\/06\/faro-nariga-02-768x512.jpg 768w, https:\/\/cabanasdevendaval.com\/wp-content\/uploads\/2020\/06\/faro-nariga-02-1536x1024.jpg 1536w, https:\/\/cabanasdevendaval.com\/wp-content\/uploads\/2020\/06\/faro-nariga-02-2048x1366.jpg 2048w, https:\/\/cabanasdevendaval.com\/wp-content\/uploads\/2020\/06\/faro-nariga-02-1170x780.jpg 1170w\" sizes=\"(max-width: 1024px) 100vw, 1024px\" \/><\/a><\/figure><\/li><li class=\"blocks-gallery-item\"><figure><a href=\"http:\/\/cabanasdevendaval.com\/wp-content\/uploads\/2020\/06\/playa-malpica.jpg\"><img loading=\"lazy\" decoding=\"async\" width=\"1024\" height=\"584\" src=\"https:\/\/cabanasdevendaval.com\/wp-content\/uploads\/2020\/06\/playa-malpica-1024x584.jpg\" alt=\"\" data-id=\"1297\" data-full-url=\"http:\/\/cabanasdevendaval.com\/wp-content\/uploads\/2020\/06\/playa-malpica.jpg\" data-link=\"http:\/\/cabanasdevendaval.com\/entorno\/playa-malpica\/\" class=\"wp-image-1297\" srcset=\"https:\/\/cabanasdevendaval.com\/wp-content\/uploads\/2020\/06\/playa-malpica-1024x584.jpg 1024w, https:\/\/cabanasdevendaval.com\/wp-content\/uploads\/2020\/06\/playa-malpica-600x342.jpg 600w, https:\/\/cabanasdevendaval.com\/wp-content\/uploads\/2020\/06\/playa-malpica-300x171.jpg 300w, https:\/\/cabanasdevendaval.com\/wp-content\/uploads\/2020\/06\/playa-malpica-768x438.jpg 768w, https:\/\/cabanasdevendaval.com\/wp-content\/uploads\/2020\/06\/playa-malpica-1536x876.jpg 1536w, https:\/\/cabanasdevendaval.com\/wp-content\/uploads\/2020\/06\/playa-malpica-2048x1168.jpg 2048w, https:\/\/cabanasdevendaval.com\/wp-content\/uploads\/2020\/06\/playa-malpica-1170x667.jpg 1170w\" sizes=\"(max-width: 1024px) 100vw, 1024px\" \/><\/a><\/figure><\/li><li class=\"blocks-gallery-item\"><figure><a href=\"http:\/\/cabanasdevendaval.com\/wp-content\/uploads\/2020\/06\/surfista-en-malpica.jpg\"><img loading=\"lazy\" decoding=\"async\" width=\"1024\" height=\"683\" src=\"https:\/\/cabanasdevendaval.com\/wp-content\/uploads\/2020\/06\/surfista-en-malpica-1024x683.jpg\" alt=\"\" data-id=\"1298\" data-full-url=\"http:\/\/cabanasdevendaval.com\/wp-content\/uploads\/2020\/06\/surfista-en-malpica.jpg\" data-link=\"http:\/\/cabanasdevendaval.com\/entorno\/surfista-en-malpica\/\" class=\"wp-image-1298\" srcset=\"https:\/\/cabanasdevendaval.com\/wp-content\/uploads\/2020\/06\/surfista-en-malpica-1024x683.jpg 1024w, https:\/\/cabanasdevendaval.com\/wp-content\/uploads\/2020\/06\/surfista-en-malpica-600x400.jpg 600w, https:\/\/cabanasdevendaval.com\/wp-content\/uploads\/2020\/06\/surfista-en-malpica-300x200.jpg 300w, https:\/\/cabanasdevendaval.com\/wp-content\/uploads\/2020\/06\/surfista-en-malpica-768x512.jpg 768w, https:\/\/cabanasdevendaval.com\/wp-content\/uploads\/2020\/06\/surfista-en-malpica-1536x1024.jpg 1536w, https:\/\/cabanasdevendaval.com\/wp-content\/uploads\/2020\/06\/surfista-en-malpica-2048x1366.jpg 2048w, https:\/\/cabanasdevendaval.com\/wp-content\/uploads\/2020\/06\/surfista-en-malpica-1170x780.jpg 1170w\" sizes=\"(max-width: 1024px) 100vw, 1024px\" \/><\/a><\/figure><\/li><li class=\"blocks-gallery-item\"><figure><a href=\"http:\/\/cabanasdevendaval.com\/wp-content\/uploads\/2020\/06\/torres-de-mens.jpg\"><img loading=\"lazy\" decoding=\"async\" width=\"1024\" height=\"683\" src=\"https:\/\/cabanasdevendaval.com\/wp-content\/uploads\/2020\/06\/torres-de-mens-1024x683.jpg\" alt=\"\" data-id=\"1299\" data-full-url=\"http:\/\/cabanasdevendaval.com\/wp-content\/uploads\/2020\/06\/torres-de-mens.jpg\" data-link=\"http:\/\/cabanasdevendaval.com\/entorno\/torres-de-mens\/\" class=\"wp-image-1299\" srcset=\"https:\/\/cabanasdevendaval.com\/wp-content\/uploads\/2020\/06\/torres-de-mens-1024x683.jpg 1024w, https:\/\/cabanasdevendaval.com\/wp-content\/uploads\/2020\/06\/torres-de-mens-600x400.jpg 600w, https:\/\/cabanasdevendaval.com\/wp-content\/uploads\/2020\/06\/torres-de-mens-300x200.jpg 300w, https:\/\/cabanasdevendaval.com\/wp-content\/uploads\/2020\/06\/torres-de-mens-768x512.jpg 768w, https:\/\/cabanasdevendaval.com\/wp-content\/uploads\/2020\/06\/torres-de-mens-1536x1024.jpg 1536w, https:\/\/cabanasdevendaval.com\/wp-content\/uploads\/2020\/06\/torres-de-mens-2048x1366.jpg 2048w, https:\/\/cabanasdevendaval.com\/wp-content\/uploads\/2020\/06\/torres-de-mens-1170x780.jpg 1170w\" sizes=\"(max-width: 1024px) 100vw, 1024px\" \/><\/a><\/figure><\/li><\/ul><\/figure><\/div><\/div><\/div><\/div><\/div><div class=\"wp-block-getwid-section alignfull alignfull\"><div class=\"wp-block-getwid-section__wrapper\"><div class=\"wp-block-getwid-section__inner-wrapper\"><div class=\"wp-block-getwid-section__background-holder\"><div class=\"wp-block-getwid-section__background has-background has-blue-background-color\"><\/div><div class=\"wp-block-getwid-section__foreground\"><\/div><\/div><div class=\"wp-block-getwid-section__content\"><div class=\"wp-block-getwid-section__inner-content\"><p class=\"has-text-color has-medium-font-size has-white-color\"><strong>Lugares que visitar en Malpica:<\/strong><\/p>\n\n<p class=\"has-text-color has-white-color\"><strong>\u2022 <\/strong><span class=\"has-inline-color has-white-color\"><strong> A vila co seu porto, a Atalaia e as praias Area Maior e Canido<\/strong><\/span><br><strong>\u2022<\/strong> <span class=\"has-inline-color has-white-color\"><strong> As Illas Sisargas<\/strong><\/span><br><span class=\"has-inline-color has-white-color\"><strong><strong>\u2022<\/strong><\/strong><\/span> <span class=\"has-inline-color has-white-color\"><strong> Os Mu\u00ed\u00f1os da Ribeira<\/strong><\/span><br><span class=\"has-inline-color has-white-color\"><strong><strong>\u2022<\/strong><\/strong><\/span> <span class=\"has-inline-color has-white-color\"><strong> Miradoiro de San Adri\u00e1n<\/strong><\/span><br><span class=\"has-inline-color has-white-color\"><strong><strong>\u2022<\/strong><\/strong><\/span> <span class=\"has-inline-color has-white-color\"><strong> Olar\u00eda de Bu\u00f1o<\/strong><\/span><br><span class=\"has-inline-color has-white-color\"><strong><strong>\u2022<\/strong><\/strong><\/span> <span class=\"has-inline-color has-white-color\"><strong> Dolmen Pedra da Arca<\/strong><\/span><br><span class=\"has-inline-color has-white-color\"><strong><strong>\u2022<\/strong><\/strong><\/span> <span class=\"has-inline-color has-white-color\"><strong> Casa do Pescador<\/strong><\/span><br><span class=\"has-inline-color has-white-color\"><strong><strong>\u2022<\/strong><\/strong><\/span> <span class=\"has-inline-color has-white-color\"><strong> Praias As Torradas, Os Ri\u00e1s, San Miro, Seaia, Beo e As Sisargas<\/strong><\/span><br><span class=\"has-inline-color has-white-color\"><strong><strong>\u2022<\/strong><\/strong><\/span> <span class=\"has-inline-color has-white-color\"><strong> Torres de Mens<\/strong><\/span><br><span class=\"has-inline-color has-white-color\"><strong><strong>\u2022<\/strong><\/strong><\/span> <span class=\"has-inline-color has-white-color\"><strong> Croa do Castro<\/strong><\/span><br><span class=\"has-inline-color has-white-color\"><strong><strong>\u2022<\/strong><\/strong><\/span> <span class=\"has-inline-color has-white-color\"><strong> Igrexa de Santiago de Mens<\/strong><\/span><\/p>\n\n<p class=\"has-text-color has-white-color\">A maiores, a localidade de Malpica est\u00e1 situada a un paso da <b>cidade da Coru\u00f1a<\/b> e a outro de <b>Santiago<\/b>, polo que as opci\u00f3ns de goce v\u00f3lvense infinitas!<\/p><\/div><\/div><\/div><\/div><\/div>","protected":false},"excerpt":{"rendered":"","protected":false},"author":1,"featured_media":1663,"parent":0,"menu_order":0,"comment_status":"closed","ping_status":"closed","template":"","meta":{"inline_featured_image":false,"footnotes":""},"class_list":["post-1652","page","type-page","status-publish","has-post-thumbnail","hentry"],"_links":{"self":[{"href":"https:\/\/cabanasdevendaval.com\/gl\/wp-json\/wp\/v2\/pages\/1652"}],"collection":[{"href":"https:\/\/cabanasdevendaval.com\/gl\/wp-json\/wp\/v2\/pages"}],"about":[{"href":"https:\/\/cabanasdevendaval.com\/gl\/wp-json\/wp\/v2\/types\/page"}],"author":[{"embeddable":true,"href":"https:\/\/cabanasdevendaval.com\/gl\/wp-json\/wp\/v2\/users\/1"}],"replies":[{"embeddable":true,"href":"https:\/\/cabanasdevendaval.com\/gl\/wp-json\/wp\/v2\/comments?post=1652"}],"version-history":[{"count":4,"href":"https:\/\/cabanasdevendaval.com\/gl\/wp-json\/wp\/v2\/pages\/1652\/revisions"}],"predecessor-version":[{"id":2036,"href":"https:\/\/cabanasdevendaval.com\/gl\/wp-json\/wp\/v2\/pages\/1652\/revisions\/2036"}],"wp:featuredmedia":[{"embeddable":true,"href":"https:\/\/cabanasdevendaval.com\/gl\/wp-json\/wp\/v2\/media\/1663"}],"wp:attachment":[{"href":"https:\/\/cabanasdevendaval.com\/gl\/wp-json\/wp\/v2\/media?parent=1652"}],"curies":[{"name":"wp","href":"https:\/\/api.w.org\/{rel}","templated":true}]}}