{"id":1530,"date":"2020-06-29T19:36:09","date_gmt":"2020-06-29T17:36:09","guid":{"rendered":"https:\/\/cabanasdevendaval.com\/sobre-nos\/"},"modified":"2020-07-07T12:18:54","modified_gmt":"2020-07-07T10:18:54","slug":"sobre-nos","status":"publish","type":"page","link":"https:\/\/cabanasdevendaval.com\/gl\/sobre-nos\/","title":{"rendered":"Sobre n\u00f3s"},"content":{"rendered":"<div class=\"wp-block-getwid-section alignfull alignfull getwid-margin-top-none getwid-margin-bottom-none\"><div class=\"wp-block-getwid-section__wrapper getwid-padding-top-none getwid-padding-bottom-none getwid-padding-left-medium getwid-padding-right-medium getwid-padding-mobile-left-small getwid-padding-mobile-right-small\"><div class=\"wp-block-getwid-section__inner-wrapper\"><div class=\"wp-block-getwid-section__background-holder\"><div class=\"wp-block-getwid-section__background\"><\/div><div class=\"wp-block-getwid-section__foreground\"><\/div><\/div><div class=\"wp-block-getwid-section__content\"><div class=\"wp-block-getwid-section__inner-content\"><div class=\"wp-block-columns has-2-columns is-layout-flex wp-container-core-columns-is-layout-1 wp-block-columns-is-layout-flex\"><div class=\"wp-block-column is-layout-flow wp-block-column-is-layout-flow\"><div class=\"wp-block-getwid-advanced-heading is-style-style-1 has-custom-font-size\" style=\"font-size: 12px; margin-bottom: 0px;\">\r\n<p class=\"wp-block-getwid-advanced-heading__content\" style=\"letter-spacing: 0.1em;\">OFRECEMOS UN SERVIZO DISTINTO<\/p>\r\n\r\n<\/div>\n\n<div class=\"wp-block-getwid-advanced-heading is-style-default\" style=\"margin-top: 10px;\">\r\n<h2 class=\"wp-block-getwid-advanced-heading__content\">Disfruta da tua estancia<\/h2>\r\n<\/div><\/div>\n\n<div class=\"wp-block-column is-layout-flow wp-block-column-is-layout-flow\"><p>Cabanas de Vendaval xurde no ventre dunha familia mari\u00f1eira na que houbo carpinteiros de ribeira, percebeiros, mari\u00f1eiros, atadoras e recolledoras de golfe. Deste xeito, busca seguir coa tradici\u00f3n familiar, d\u00e1ndolle unha volta de porca.<\/p>\n\n<p>\u00c9 un proxecto no que se leva traballando dende hai dous anos e que ve a luz no 2020 coa intenci\u00f3n de ofrecer un <b>servizo distinto<\/b>, singular pero \u00e1 vez moi completo, que poida satisfacer todas as necesidades que un h\u00f3spede que quere <b>gozar da natureza<\/b> sendo <b>libre de horarios<\/b> pode ter.<\/p><\/div><\/div>\n\n<div style=\"height:40px\" aria-hidden=\"true\" class=\"wp-block-spacer\"><\/div>\n\n<p><\/p>\n\n<figure class=\"wp-block-gallery columns-3 is-cropped wp-block-gallery-1 is-layout-flex wp-block-gallery-is-layout-flex\"><ul class=\"blocks-gallery-grid\"><li class=\"blocks-gallery-item\"><figure><a href=\"https:\/\/cabanasdevendaval.com\/wp-content\/uploads\/2020\/07\/cabanas-vistas-generales1.jpg\"><img fetchpriority=\"high\" decoding=\"async\" width=\"1024\" height=\"519\" src=\"https:\/\/cabanasdevendaval.com\/wp-content\/uploads\/2020\/07\/cabanas-vistas-generales1-1024x519.jpg\" alt=\"\" data-id=\"2048\" data-full-url=\"https:\/\/cabanasdevendaval.com\/wp-content\/uploads\/2020\/07\/cabanas-vistas-generales1.jpg\" data-link=\"https:\/\/cabanasdevendaval.com\/home\/cabanas-vistas-generales1\/\" class=\"wp-image-2048\" srcset=\"https:\/\/cabanasdevendaval.com\/wp-content\/uploads\/2020\/07\/cabanas-vistas-generales1-1024x519.jpg 1024w, https:\/\/cabanasdevendaval.com\/wp-content\/uploads\/2020\/07\/cabanas-vistas-generales1-600x304.jpg 600w, https:\/\/cabanasdevendaval.com\/wp-content\/uploads\/2020\/07\/cabanas-vistas-generales1-300x152.jpg 300w, https:\/\/cabanasdevendaval.com\/wp-content\/uploads\/2020\/07\/cabanas-vistas-generales1-768x389.jpg 768w, https:\/\/cabanasdevendaval.com\/wp-content\/uploads\/2020\/07\/cabanas-vistas-generales1-1536x779.jpg 1536w, https:\/\/cabanasdevendaval.com\/wp-content\/uploads\/2020\/07\/cabanas-vistas-generales1-2048x1038.jpg 2048w, https:\/\/cabanasdevendaval.com\/wp-content\/uploads\/2020\/07\/cabanas-vistas-generales1-1170x593.jpg 1170w\" sizes=\"(max-width: 1024px) 100vw, 1024px\" \/><\/a><\/figure><\/li><li class=\"blocks-gallery-item\"><figure><a href=\"https:\/\/cabanasdevendaval.com\/wp-content\/uploads\/2020\/07\/cabanas-vistas-generales2.jpg\"><img decoding=\"async\" width=\"1024\" height=\"683\" src=\"https:\/\/cabanasdevendaval.com\/wp-content\/uploads\/2020\/07\/cabanas-vistas-generales2-1024x683.jpg\" alt=\"\" data-id=\"2213\" data-full-url=\"https:\/\/cabanasdevendaval.com\/wp-content\/uploads\/2020\/07\/cabanas-vistas-generales2.jpg\" data-link=\"https:\/\/cabanasdevendaval.com\/nosotros\/cabanas-vistas-generales2\/\" class=\"wp-image-2213\" srcset=\"https:\/\/cabanasdevendaval.com\/wp-content\/uploads\/2020\/07\/cabanas-vistas-generales2-1024x683.jpg 1024w, https:\/\/cabanasdevendaval.com\/wp-content\/uploads\/2020\/07\/cabanas-vistas-generales2-600x400.jpg 600w, https:\/\/cabanasdevendaval.com\/wp-content\/uploads\/2020\/07\/cabanas-vistas-generales2-300x200.jpg 300w, https:\/\/cabanasdevendaval.com\/wp-content\/uploads\/2020\/07\/cabanas-vistas-generales2-768x512.jpg 768w, https:\/\/cabanasdevendaval.com\/wp-content\/uploads\/2020\/07\/cabanas-vistas-generales2-1536x1024.jpg 1536w, https:\/\/cabanasdevendaval.com\/wp-content\/uploads\/2020\/07\/cabanas-vistas-generales2-2048x1366.jpg 2048w, https:\/\/cabanasdevendaval.com\/wp-content\/uploads\/2020\/07\/cabanas-vistas-generales2-1170x780.jpg 1170w\" sizes=\"(max-width: 1024px) 100vw, 1024px\" \/><\/a><\/figure><\/li><li class=\"blocks-gallery-item\"><figure><a href=\"https:\/\/cabanasdevendaval.com\/wp-content\/uploads\/2020\/07\/cabanas-vistas-generales9-1.jpg\"><img decoding=\"async\" width=\"1024\" height=\"683\" src=\"https:\/\/cabanasdevendaval.com\/wp-content\/uploads\/2020\/07\/cabanas-vistas-generales9-1-1024x683.jpg\" alt=\"\" data-id=\"2057\" data-full-url=\"https:\/\/cabanasdevendaval.com\/wp-content\/uploads\/2020\/07\/cabanas-vistas-generales9-1.jpg\" data-link=\"https:\/\/cabanasdevendaval.com\/home\/cabanas-vistas-generales9-2\/\" class=\"wp-image-2057\" srcset=\"https:\/\/cabanasdevendaval.com\/wp-content\/uploads\/2020\/07\/cabanas-vistas-generales9-1-1024x683.jpg 1024w, https:\/\/cabanasdevendaval.com\/wp-content\/uploads\/2020\/07\/cabanas-vistas-generales9-1-600x400.jpg 600w, https:\/\/cabanasdevendaval.com\/wp-content\/uploads\/2020\/07\/cabanas-vistas-generales9-1-300x200.jpg 300w, https:\/\/cabanasdevendaval.com\/wp-content\/uploads\/2020\/07\/cabanas-vistas-generales9-1-768x512.jpg 768w, https:\/\/cabanasdevendaval.com\/wp-content\/uploads\/2020\/07\/cabanas-vistas-generales9-1-1536x1024.jpg 1536w, https:\/\/cabanasdevendaval.com\/wp-content\/uploads\/2020\/07\/cabanas-vistas-generales9-1-2048x1366.jpg 2048w, https:\/\/cabanasdevendaval.com\/wp-content\/uploads\/2020\/07\/cabanas-vistas-generales9-1-1170x780.jpg 1170w\" sizes=\"(max-width: 1024px) 100vw, 1024px\" \/><\/a><\/figure><\/li><li class=\"blocks-gallery-item\"><figure><a href=\"https:\/\/cabanasdevendaval.com\/wp-content\/uploads\/2020\/07\/cabanas-vistas-generales5.jpg\"><img loading=\"lazy\" decoding=\"async\" width=\"1024\" height=\"683\" src=\"https:\/\/cabanasdevendaval.com\/wp-content\/uploads\/2020\/07\/cabanas-vistas-generales5-1024x683.jpg\" alt=\"\" data-id=\"2216\" data-full-url=\"https:\/\/cabanasdevendaval.com\/wp-content\/uploads\/2020\/07\/cabanas-vistas-generales5.jpg\" data-link=\"https:\/\/cabanasdevendaval.com\/nosotros\/cabanas-vistas-generales5\/\" class=\"wp-image-2216\" srcset=\"https:\/\/cabanasdevendaval.com\/wp-content\/uploads\/2020\/07\/cabanas-vistas-generales5-1024x683.jpg 1024w, https:\/\/cabanasdevendaval.com\/wp-content\/uploads\/2020\/07\/cabanas-vistas-generales5-600x400.jpg 600w, https:\/\/cabanasdevendaval.com\/wp-content\/uploads\/2020\/07\/cabanas-vistas-generales5-300x200.jpg 300w, https:\/\/cabanasdevendaval.com\/wp-content\/uploads\/2020\/07\/cabanas-vistas-generales5-768x512.jpg 768w, https:\/\/cabanasdevendaval.com\/wp-content\/uploads\/2020\/07\/cabanas-vistas-generales5-1536x1024.jpg 1536w, https:\/\/cabanasdevendaval.com\/wp-content\/uploads\/2020\/07\/cabanas-vistas-generales5-2048x1366.jpg 2048w, https:\/\/cabanasdevendaval.com\/wp-content\/uploads\/2020\/07\/cabanas-vistas-generales5-1170x780.jpg 1170w\" sizes=\"(max-width: 1024px) 100vw, 1024px\" \/><\/a><\/figure><\/li><li class=\"blocks-gallery-item\"><figure><a href=\"https:\/\/cabanasdevendaval.com\/wp-content\/uploads\/2020\/07\/cabanas-vistas-generales6-1.jpg\"><img loading=\"lazy\" decoding=\"async\" width=\"1024\" height=\"602\" src=\"https:\/\/cabanasdevendaval.com\/wp-content\/uploads\/2020\/07\/cabanas-vistas-generales6-1-1024x602.jpg\" alt=\"\" data-id=\"2051\" data-full-url=\"https:\/\/cabanasdevendaval.com\/wp-content\/uploads\/2020\/07\/cabanas-vistas-generales6-1.jpg\" data-link=\"https:\/\/cabanasdevendaval.com\/home\/cabanas-vistas-generales6-2\/\" class=\"wp-image-2051\" srcset=\"https:\/\/cabanasdevendaval.com\/wp-content\/uploads\/2020\/07\/cabanas-vistas-generales6-1-1024x602.jpg 1024w, https:\/\/cabanasdevendaval.com\/wp-content\/uploads\/2020\/07\/cabanas-vistas-generales6-1-600x353.jpg 600w, https:\/\/cabanasdevendaval.com\/wp-content\/uploads\/2020\/07\/cabanas-vistas-generales6-1-300x176.jpg 300w, https:\/\/cabanasdevendaval.com\/wp-content\/uploads\/2020\/07\/cabanas-vistas-generales6-1-768x451.jpg 768w, https:\/\/cabanasdevendaval.com\/wp-content\/uploads\/2020\/07\/cabanas-vistas-generales6-1-1536x902.jpg 1536w, https:\/\/cabanasdevendaval.com\/wp-content\/uploads\/2020\/07\/cabanas-vistas-generales6-1-2048x1203.jpg 2048w, https:\/\/cabanasdevendaval.com\/wp-content\/uploads\/2020\/07\/cabanas-vistas-generales6-1-1170x687.jpg 1170w\" sizes=\"(max-width: 1024px) 100vw, 1024px\" \/><\/a><\/figure><\/li><li class=\"blocks-gallery-item\"><figure><a href=\"https:\/\/cabanasdevendaval.com\/wp-content\/uploads\/2020\/07\/cabanas-vistas-generales7-1.jpg\"><img loading=\"lazy\" decoding=\"async\" width=\"1024\" height=\"618\" src=\"https:\/\/cabanasdevendaval.com\/wp-content\/uploads\/2020\/07\/cabanas-vistas-generales7-1-1024x618.jpg\" alt=\"\" data-id=\"2054\" data-full-url=\"https:\/\/cabanasdevendaval.com\/wp-content\/uploads\/2020\/07\/cabanas-vistas-generales7-1.jpg\" data-link=\"https:\/\/cabanasdevendaval.com\/home\/cabanas-vistas-generales7-2\/\" class=\"wp-image-2054\" srcset=\"https:\/\/cabanasdevendaval.com\/wp-content\/uploads\/2020\/07\/cabanas-vistas-generales7-1-1024x618.jpg 1024w, https:\/\/cabanasdevendaval.com\/wp-content\/uploads\/2020\/07\/cabanas-vistas-generales7-1-600x362.jpg 600w, https:\/\/cabanasdevendaval.com\/wp-content\/uploads\/2020\/07\/cabanas-vistas-generales7-1-300x181.jpg 300w, https:\/\/cabanasdevendaval.com\/wp-content\/uploads\/2020\/07\/cabanas-vistas-generales7-1-768x463.jpg 768w, https:\/\/cabanasdevendaval.com\/wp-content\/uploads\/2020\/07\/cabanas-vistas-generales7-1-1536x926.jpg 1536w, https:\/\/cabanasdevendaval.com\/wp-content\/uploads\/2020\/07\/cabanas-vistas-generales7-1-2048x1235.jpg 2048w, https:\/\/cabanasdevendaval.com\/wp-content\/uploads\/2020\/07\/cabanas-vistas-generales7-1-1170x706.jpg 1170w\" sizes=\"(max-width: 1024px) 100vw, 1024px\" \/><\/a><\/figure><\/li><\/ul><\/figure><\/div><\/div><\/div><\/div><\/div>","protected":false},"excerpt":{"rendered":"","protected":false},"author":1,"featured_media":1553,"parent":0,"menu_order":0,"comment_status":"closed","ping_status":"closed","template":"","meta":{"inline_featured_image":false,"footnotes":""},"class_list":["post-1530","page","type-page","status-publish","has-post-thumbnail","hentry"],"_links":{"self":[{"href":"https:\/\/cabanasdevendaval.com\/gl\/wp-json\/wp\/v2\/pages\/1530"}],"collection":[{"href":"https:\/\/cabanasdevendaval.com\/gl\/wp-json\/wp\/v2\/pages"}],"about":[{"href":"https:\/\/cabanasdevendaval.com\/gl\/wp-json\/wp\/v2\/types\/page"}],"author":[{"embeddable":true,"href":"https:\/\/cabanasdevendaval.com\/gl\/wp-json\/wp\/v2\/users\/1"}],"replies":[{"embeddable":true,"href":"https:\/\/cabanasdevendaval.com\/gl\/wp-json\/wp\/v2\/comments?post=1530"}],"version-history":[{"count":4,"href":"https:\/\/cabanasdevendaval.com\/gl\/wp-json\/wp\/v2\/pages\/1530\/revisions"}],"predecessor-version":[{"id":2312,"href":"https:\/\/cabanasdevendaval.com\/gl\/wp-json\/wp\/v2\/pages\/1530\/revisions\/2312"}],"wp:featuredmedia":[{"embeddable":true,"href":"https:\/\/cabanasdevendaval.com\/gl\/wp-json\/wp\/v2\/media\/1553"}],"wp:attachment":[{"href":"https:\/\/cabanasdevendaval.com\/gl\/wp-json\/wp\/v2\/media?parent=1530"}],"curies":[{"name":"wp","href":"https:\/\/api.w.org\/{rel}","templated":true}]}}