{"id":1420,"date":"2020-06-29T18:42:29","date_gmt":"2020-06-29T16:42:29","guid":{"rendered":"https:\/\/cabanasdevendaval.com\/inicio\/"},"modified":"2020-07-17T10:49:47","modified_gmt":"2020-07-17T08:49:47","slug":"inicio","status":"publish","type":"page","link":"https:\/\/cabanasdevendaval.com\/gl\/","title":{"rendered":"Inicio"},"content":{"rendered":"<div class=\"wp-block-getwid-section alignfull alignfull\"><div class=\"wp-block-getwid-section__wrapper getwid-padding-top-none getwid-padding-left-medium getwid-padding-right-medium getwid-padding-mobile-left-small getwid-padding-mobile-right-small\" style=\"padding-bottom:0px\"><div class=\"wp-block-getwid-section__inner-wrapper\"><div class=\"wp-block-getwid-section__background-holder\"><div class=\"wp-block-getwid-section__background\"><\/div><div class=\"wp-block-getwid-section__foreground\"><\/div><\/div><div class=\"wp-block-getwid-section__content\"><div class=\"wp-block-getwid-section__inner-content\"><div class=\"wp-block-columns has-2-columns is-layout-flex wp-container-core-columns-is-layout-1 wp-block-columns-is-layout-flex\"><div class=\"wp-block-column is-vertically-aligned-center is-layout-flow wp-block-column-is-layout-flow\"><div style=\"height:31px\" aria-hidden=\"true\" class=\"wp-block-spacer\"><\/div>\n\n<figure class=\"wp-block-image size-large\"><img fetchpriority=\"high\" decoding=\"async\" width=\"1024\" height=\"602\" src=\"https:\/\/cabanasdevendaval.com\/wp-content\/uploads\/2020\/06\/cabanas-1024x602.jpg\" alt=\"Vista xeral das cabanas\" class=\"wp-image-1267\" srcset=\"https:\/\/cabanasdevendaval.com\/wp-content\/uploads\/2020\/06\/cabanas-1024x602.jpg 1024w, https:\/\/cabanasdevendaval.com\/wp-content\/uploads\/2020\/06\/cabanas-600x353.jpg 600w, https:\/\/cabanasdevendaval.com\/wp-content\/uploads\/2020\/06\/cabanas-300x176.jpg 300w, https:\/\/cabanasdevendaval.com\/wp-content\/uploads\/2020\/06\/cabanas-768x451.jpg 768w, https:\/\/cabanasdevendaval.com\/wp-content\/uploads\/2020\/06\/cabanas.jpg 1048w\" sizes=\"(max-width: 1024px) 100vw, 1024px\" \/><\/figure>\n\n<figure class=\"wp-block-image size-large\"><img decoding=\"async\" width=\"1024\" height=\"643\" src=\"https:\/\/cabanasdevendaval.com\/wp-content\/uploads\/2020\/07\/vista-aerea-cabanas-1024x643.jpg\" alt=\"Vista a&#xE9;rea de Cabanas de Vendaval\" class=\"wp-image-2495\" srcset=\"https:\/\/cabanasdevendaval.com\/wp-content\/uploads\/2020\/07\/vista-aerea-cabanas-1024x643.jpg 1024w, https:\/\/cabanasdevendaval.com\/wp-content\/uploads\/2020\/07\/vista-aerea-cabanas-300x188.jpg 300w, https:\/\/cabanasdevendaval.com\/wp-content\/uploads\/2020\/07\/vista-aerea-cabanas-768x482.jpg 768w, https:\/\/cabanasdevendaval.com\/wp-content\/uploads\/2020\/07\/vista-aerea-cabanas-600x377.jpg 600w, https:\/\/cabanasdevendaval.com\/wp-content\/uploads\/2020\/07\/vista-aerea-cabanas.jpg 1048w\" sizes=\"(max-width: 1024px) 100vw, 1024px\" \/><\/figure><\/div>\n\n<div class=\"wp-block-column is-layout-flow wp-block-column-is-layout-flow\"><div class=\"wp-block-getwid-section\"><div class=\"wp-block-getwid-section__wrapper getwid-padding-bottom-none getwid-padding-right-none\" style=\"padding-top:60px;padding-left:20px\"><div class=\"wp-block-getwid-section__inner-wrapper\"><div class=\"wp-block-getwid-section__background-holder\"><div class=\"wp-block-getwid-section__background\"><\/div><div class=\"wp-block-getwid-section__foreground\"><\/div><\/div><div class=\"wp-block-getwid-section__content\"><div class=\"wp-block-getwid-section__inner-content\"><div class=\"wp-block-getwid-advanced-heading is-style-style-1 has-custom-font-size\" style=\"font-size: 12px;\">\r\n<p class=\"wp-block-getwid-advanced-heading__content\" style=\"letter-spacing: 0.1em;\">ACH\u00c9GATE A NATUREZA DE GALICIA<\/p>\r\n\r\n<\/div>\n\n<div class=\"wp-block-getwid-advanced-heading\" style=\"margin-bottom: 30px; margin-top: 10px;\">\r\n<h2 class=\"wp-block-getwid-advanced-heading__content\">Benvido a Cabanas de Vendaval<\/h2>\r\n<\/div>\n\n<div class=\"wp-block-getwid-section getwid-section-content-custom-width\"><div class=\"wp-block-getwid-section__wrapper getwid-padding-top-none getwid-padding-bottom-none getwid-padding-left-medium getwid-padding-right-none getwid-justify-content-flex-start\"><div class=\"wp-block-getwid-section__inner-wrapper\"><div class=\"wp-block-getwid-section__background-holder\"><div class=\"wp-block-getwid-section__background\"><\/div><div class=\"wp-block-getwid-section__foreground\"><\/div><\/div><div class=\"wp-block-getwid-section__content\"><div class=\"wp-block-getwid-section__inner-content\"><p>Benvidos a Cabanas de Vendaval, un complexo hoteleiro situado nun punto clave da <b>Costa da Morte<\/b> como \u00e9 <b>Malpica<\/b>, o inicio ou a fin desta zona, co\u00f1ecida pola beleza da s\u00faa paisaxe, pero, tam\u00e9n, pola forza do seu mar e vento que en tantos naufraxios derivaron.<\/p>\n\n<p>Concretamente, as Cabanas de Vendaval sit\u00faanse na parroquia de <b>Barizo<\/b>, territorio que mestura <b>agricultura<\/b> con <b>pesca<\/b>, e que como eclosi\u00f3n ten unha exquisita <b>gastronom\u00eda<\/b>.<\/p>\n\n<p><b>Cinco amplas cabanas<\/b> \u00e1 beira do mar compo\u00f1en este singular aloxamento, pioneiro na localidade, que ten moito que ofrecer tanto pola s\u00faa estrutura como pola s\u00faa localizaci\u00f3n. Aqu\u00ed poder\u00e1s contemplar a posta de sol mentres te das o \u00faltimo ba\u00f1o na <b>piscina<\/b> ou gozar da <b>ba\u00f1eira hidromasaxe<\/b> cunha vista privilexiada \u00e1s estrelas. Tam\u00e9n disp\u00f3n dun <b>extenso xard\u00edn<\/b> con <b>parque infantil, hamacas<\/b> e <b>zona de grellada<\/b>, e dun<b> aparcamento<\/b> cos servizos que as <b>caravanas<\/b> requiren, que far\u00e1n a t\u00faa estancia m\u00e1is c\u00f3moda. Unha <b>recepci\u00f3n<\/b> con <b>carta de degustaci\u00f3n de produtos caracter\u00edsticos do municipio e almorzo baixo previo pedido, <\/b>unha <b>tenda, <\/b>unha <b>zona de lavander\u00eda<\/b> e outros servizos completan a estancia.<\/p><\/div><\/div><\/div><\/div><\/div><\/div><\/div><\/div><\/div><\/div>\n\n<p><\/p><\/div><\/div><\/div><\/div><\/div><\/div><\/div><div class=\"wp-block-getwid-section alignfull alignfull getwid-margin-bottom-none\"><div class=\"wp-block-getwid-section__wrapper getwid-padding-left-medium getwid-padding-right-medium getwid-padding-mobile-left-small getwid-padding-mobile-right-small\" style=\"padding-top:60px;padding-bottom:60px\"><div class=\"wp-block-getwid-section__inner-wrapper\"><div class=\"wp-block-getwid-section__background-holder\"><div class=\"wp-block-getwid-section__background\"><\/div><div class=\"wp-block-getwid-section__foreground\"><\/div><\/div><div class=\"wp-block-getwid-section__content\"><div class=\"wp-block-getwid-section__inner-content\"><div class=\"wp-block-columns has-2-columns is-layout-flex wp-container-core-columns-is-layout-2 wp-block-columns-is-layout-flex\"><div class=\"wp-block-column is-layout-flow wp-block-column-is-layout-flow\"><div class=\"wp-block-getwid-advanced-heading is-style-style-1 has-custom-font-size\" style=\"font-size: 12px; margin-bottom: 0px;\">\r\n<p class=\"wp-block-getwid-advanced-heading__content\" style=\"letter-spacing: 0.1em;\">UN XEITO DE VIDA SINXELO<\/p>\r\n\r\n<\/div>\n\n<div class=\"wp-block-getwid-advanced-heading\" style=\"margin-top: 10px;\">\r\n<h2 class=\"wp-block-getwid-advanced-heading__content\">Cabanas<\/h2>\r\n<\/div><\/div>\n\n<div class=\"wp-block-column is-layout-flow wp-block-column-is-layout-flow\"><div style=\"height:20px\" aria-hidden=\"true\" class=\"wp-block-spacer\"><\/div>\n\n<div class=\"wp-block-button alignright is-style-default\"><a class=\"wp-block-button__link\" href=\"https:\/\/cabanasdevendaval.com\/gl\/cabanas\/\">CABANAS<\/a><\/div><\/div><\/div>\n\n<figure class=\"wp-block-gallery columns-4 is-cropped wp-block-gallery-1 is-layout-flex wp-block-gallery-is-layout-flex\"><ul class=\"blocks-gallery-grid\"><li class=\"blocks-gallery-item\"><figure><img decoding=\"async\" width=\"1024\" height=\"519\" src=\"https:\/\/cabanasdevendaval.com\/wp-content\/uploads\/2020\/07\/cabanas-vistas-generales1-1024x519.jpg\" alt=\"\" data-id=\"2048\" data-full-url=\"https:\/\/cabanasdevendaval.com\/wp-content\/uploads\/2020\/07\/cabanas-vistas-generales1.jpg\" data-link=\"https:\/\/cabanasdevendaval.com\/home\/cabanas-vistas-generales1\/\" class=\"wp-image-2048\" srcset=\"https:\/\/cabanasdevendaval.com\/wp-content\/uploads\/2020\/07\/cabanas-vistas-generales1-1024x519.jpg 1024w, https:\/\/cabanasdevendaval.com\/wp-content\/uploads\/2020\/07\/cabanas-vistas-generales1-600x304.jpg 600w, https:\/\/cabanasdevendaval.com\/wp-content\/uploads\/2020\/07\/cabanas-vistas-generales1-300x152.jpg 300w, https:\/\/cabanasdevendaval.com\/wp-content\/uploads\/2020\/07\/cabanas-vistas-generales1-768x389.jpg 768w, https:\/\/cabanasdevendaval.com\/wp-content\/uploads\/2020\/07\/cabanas-vistas-generales1-1536x779.jpg 1536w, https:\/\/cabanasdevendaval.com\/wp-content\/uploads\/2020\/07\/cabanas-vistas-generales1-2048x1038.jpg 2048w, https:\/\/cabanasdevendaval.com\/wp-content\/uploads\/2020\/07\/cabanas-vistas-generales1-1170x593.jpg 1170w\" sizes=\"(max-width: 1024px) 100vw, 1024px\" \/><\/figure><\/li><li class=\"blocks-gallery-item\"><figure><img loading=\"lazy\" decoding=\"async\" width=\"1024\" height=\"683\" src=\"https:\/\/cabanasdevendaval.com\/wp-content\/uploads\/2020\/07\/cabanas-vistas-generales9-1-1024x683.jpg\" alt=\"\" data-id=\"2057\" data-full-url=\"https:\/\/cabanasdevendaval.com\/wp-content\/uploads\/2020\/07\/cabanas-vistas-generales9-1.jpg\" data-link=\"https:\/\/cabanasdevendaval.com\/home\/cabanas-vistas-generales9-2\/\" class=\"wp-image-2057\" srcset=\"https:\/\/cabanasdevendaval.com\/wp-content\/uploads\/2020\/07\/cabanas-vistas-generales9-1-1024x683.jpg 1024w, https:\/\/cabanasdevendaval.com\/wp-content\/uploads\/2020\/07\/cabanas-vistas-generales9-1-600x400.jpg 600w, https:\/\/cabanasdevendaval.com\/wp-content\/uploads\/2020\/07\/cabanas-vistas-generales9-1-300x200.jpg 300w, https:\/\/cabanasdevendaval.com\/wp-content\/uploads\/2020\/07\/cabanas-vistas-generales9-1-768x512.jpg 768w, https:\/\/cabanasdevendaval.com\/wp-content\/uploads\/2020\/07\/cabanas-vistas-generales9-1-1536x1024.jpg 1536w, https:\/\/cabanasdevendaval.com\/wp-content\/uploads\/2020\/07\/cabanas-vistas-generales9-1-2048x1366.jpg 2048w, https:\/\/cabanasdevendaval.com\/wp-content\/uploads\/2020\/07\/cabanas-vistas-generales9-1-1170x780.jpg 1170w\" sizes=\"(max-width: 1024px) 100vw, 1024px\" \/><\/figure><\/li><li class=\"blocks-gallery-item\"><figure><img loading=\"lazy\" decoding=\"async\" width=\"1024\" height=\"602\" src=\"https:\/\/cabanasdevendaval.com\/wp-content\/uploads\/2020\/07\/cabanas-vistas-generales6-1-1024x602.jpg\" alt=\"\" data-id=\"2051\" data-full-url=\"https:\/\/cabanasdevendaval.com\/wp-content\/uploads\/2020\/07\/cabanas-vistas-generales6-1.jpg\" data-link=\"https:\/\/cabanasdevendaval.com\/home\/cabanas-vistas-generales6-2\/\" class=\"wp-image-2051\" srcset=\"https:\/\/cabanasdevendaval.com\/wp-content\/uploads\/2020\/07\/cabanas-vistas-generales6-1-1024x602.jpg 1024w, https:\/\/cabanasdevendaval.com\/wp-content\/uploads\/2020\/07\/cabanas-vistas-generales6-1-600x353.jpg 600w, https:\/\/cabanasdevendaval.com\/wp-content\/uploads\/2020\/07\/cabanas-vistas-generales6-1-300x176.jpg 300w, https:\/\/cabanasdevendaval.com\/wp-content\/uploads\/2020\/07\/cabanas-vistas-generales6-1-768x451.jpg 768w, https:\/\/cabanasdevendaval.com\/wp-content\/uploads\/2020\/07\/cabanas-vistas-generales6-1-1536x902.jpg 1536w, https:\/\/cabanasdevendaval.com\/wp-content\/uploads\/2020\/07\/cabanas-vistas-generales6-1-2048x1203.jpg 2048w, https:\/\/cabanasdevendaval.com\/wp-content\/uploads\/2020\/07\/cabanas-vistas-generales6-1-1170x687.jpg 1170w\" sizes=\"(max-width: 1024px) 100vw, 1024px\" \/><\/figure><\/li><li class=\"blocks-gallery-item\"><figure><img loading=\"lazy\" decoding=\"async\" width=\"1024\" height=\"618\" src=\"https:\/\/cabanasdevendaval.com\/wp-content\/uploads\/2020\/07\/cabanas-vistas-generales7-1-1024x618.jpg\" alt=\"\" data-id=\"2054\" data-full-url=\"https:\/\/cabanasdevendaval.com\/wp-content\/uploads\/2020\/07\/cabanas-vistas-generales7-1.jpg\" data-link=\"https:\/\/cabanasdevendaval.com\/home\/cabanas-vistas-generales7-2\/\" class=\"wp-image-2054\" srcset=\"https:\/\/cabanasdevendaval.com\/wp-content\/uploads\/2020\/07\/cabanas-vistas-generales7-1-1024x618.jpg 1024w, https:\/\/cabanasdevendaval.com\/wp-content\/uploads\/2020\/07\/cabanas-vistas-generales7-1-600x362.jpg 600w, https:\/\/cabanasdevendaval.com\/wp-content\/uploads\/2020\/07\/cabanas-vistas-generales7-1-300x181.jpg 300w, https:\/\/cabanasdevendaval.com\/wp-content\/uploads\/2020\/07\/cabanas-vistas-generales7-1-768x463.jpg 768w, https:\/\/cabanasdevendaval.com\/wp-content\/uploads\/2020\/07\/cabanas-vistas-generales7-1-1536x926.jpg 1536w, https:\/\/cabanasdevendaval.com\/wp-content\/uploads\/2020\/07\/cabanas-vistas-generales7-1-2048x1235.jpg 2048w, https:\/\/cabanasdevendaval.com\/wp-content\/uploads\/2020\/07\/cabanas-vistas-generales7-1-1170x706.jpg 1170w\" sizes=\"(max-width: 1024px) 100vw, 1024px\" \/><\/figure><\/li><\/ul><\/figure><\/div><\/div><\/div><\/div><\/div><div class=\"wp-block-getwid-section alignfull alignfull getwid-margin-bottom-none\"><div class=\"wp-block-getwid-section__wrapper getwid-padding-top-none getwid-padding-left-medium getwid-padding-right-medium getwid-padding-mobile-left-small getwid-padding-mobile-right-small\" style=\"padding-bottom:0px\"><div class=\"wp-block-getwid-section__inner-wrapper\"><div class=\"wp-block-getwid-section__background-holder\"><div class=\"wp-block-getwid-section__background\"><\/div><div class=\"wp-block-getwid-section__foreground\"><\/div><\/div><div class=\"wp-block-getwid-section__content\"><div class=\"wp-block-getwid-section__inner-content\"><div class=\"wp-block-columns has-2-columns is-layout-flex wp-container-core-columns-is-layout-3 wp-block-columns-is-layout-flex\"><div class=\"wp-block-column is-layout-flow wp-block-column-is-layout-flow\"><div class=\"wp-block-getwid-advanced-heading is-style-style-1 has-custom-font-size\" style=\"font-size: 12px; margin-bottom: 0px;\">\r\n<p class=\"wp-block-getwid-advanced-heading__content\" style=\"text-transform: uppercase; letter-spacing: 0.1em;\">disfruta da natureza<\/p>\r\n\r\n<\/div>\n\n<div class=\"wp-block-getwid-advanced-heading\" style=\"margin-bottom: 0px; margin-top: 10px;\">\r\n<h2 class=\"wp-block-getwid-advanced-heading__content\">Galer\u00eda fotogr\u00e1fica do contorno<\/h2>\r\n<\/div><\/div>\n\n<div class=\"wp-block-column is-layout-flow wp-block-column-is-layout-flow\"><div style=\"height:20px\" aria-hidden=\"true\" class=\"wp-block-spacer\"><\/div>\n\n<div class=\"wp-block-button alignright is-style-default\"><a class=\"wp-block-button__link\" href=\"https:\/\/cabanasdevendaval.com\/gl\/contorna\/\">CONTORNO<\/a><\/div><\/div><\/div>\n\n<figure class=\"wp-block-gallery columns-4 is-cropped wp-block-gallery-2 is-layout-flex wp-block-gallery-is-layout-flex\"><ul class=\"blocks-gallery-grid\"><li class=\"blocks-gallery-item\"><figure><img loading=\"lazy\" decoding=\"async\" width=\"1024\" height=\"683\" src=\"https:\/\/cabanasdevendaval.com\/wp-content\/uploads\/2020\/06\/faro-nariga-02-1024x683.jpg\" alt=\"\" data-id=\"1296\" data-full-url=\"http:\/\/cabanasdevendaval.com\/wp-content\/uploads\/2020\/06\/faro-nariga-02.jpg\" data-link=\"http:\/\/cabanasdevendaval.com\/entorno\/faro-nariga-02\/\" class=\"wp-image-1296\" srcset=\"https:\/\/cabanasdevendaval.com\/wp-content\/uploads\/2020\/06\/faro-nariga-02-1024x683.jpg 1024w, https:\/\/cabanasdevendaval.com\/wp-content\/uploads\/2020\/06\/faro-nariga-02-600x400.jpg 600w, https:\/\/cabanasdevendaval.com\/wp-content\/uploads\/2020\/06\/faro-nariga-02-300x200.jpg 300w, https:\/\/cabanasdevendaval.com\/wp-content\/uploads\/2020\/06\/faro-nariga-02-768x512.jpg 768w, https:\/\/cabanasdevendaval.com\/wp-content\/uploads\/2020\/06\/faro-nariga-02-1536x1024.jpg 1536w, https:\/\/cabanasdevendaval.com\/wp-content\/uploads\/2020\/06\/faro-nariga-02-2048x1366.jpg 2048w, https:\/\/cabanasdevendaval.com\/wp-content\/uploads\/2020\/06\/faro-nariga-02-1170x780.jpg 1170w\" sizes=\"(max-width: 1024px) 100vw, 1024px\" \/><\/figure><\/li><li class=\"blocks-gallery-item\"><figure><img loading=\"lazy\" decoding=\"async\" width=\"1024\" height=\"507\" src=\"https:\/\/cabanasdevendaval.com\/wp-content\/uploads\/2020\/06\/cabecera-entorno-2-1024x507.jpg\" alt=\"\" data-id=\"1323\" data-full-url=\"http:\/\/cabanasdevendaval.com\/wp-content\/uploads\/2020\/06\/cabecera-entorno-2.jpg\" data-link=\"http:\/\/cabanasdevendaval.com\/cabecera-entorno-2\/\" class=\"wp-image-1323\" srcset=\"https:\/\/cabanasdevendaval.com\/wp-content\/uploads\/2020\/06\/cabecera-entorno-2-1024x507.jpg 1024w, https:\/\/cabanasdevendaval.com\/wp-content\/uploads\/2020\/06\/cabecera-entorno-2-600x297.jpg 600w, https:\/\/cabanasdevendaval.com\/wp-content\/uploads\/2020\/06\/cabecera-entorno-2-300x149.jpg 300w, https:\/\/cabanasdevendaval.com\/wp-content\/uploads\/2020\/06\/cabecera-entorno-2-768x380.jpg 768w, https:\/\/cabanasdevendaval.com\/wp-content\/uploads\/2020\/06\/cabecera-entorno-2-1536x761.jpg 1536w, https:\/\/cabanasdevendaval.com\/wp-content\/uploads\/2020\/06\/cabecera-entorno-2-2048x1014.jpg 2048w, https:\/\/cabanasdevendaval.com\/wp-content\/uploads\/2020\/06\/cabecera-entorno-2-1170x580.jpg 1170w\" sizes=\"(max-width: 1024px) 100vw, 1024px\" \/><\/figure><\/li><li class=\"blocks-gallery-item\"><figure><img loading=\"lazy\" decoding=\"async\" width=\"1024\" height=\"584\" src=\"https:\/\/cabanasdevendaval.com\/wp-content\/uploads\/2020\/06\/playa-malpica-1024x584.jpg\" alt=\"\" data-id=\"1297\" data-full-url=\"http:\/\/cabanasdevendaval.com\/wp-content\/uploads\/2020\/06\/playa-malpica.jpg\" data-link=\"http:\/\/cabanasdevendaval.com\/entorno\/playa-malpica\/\" class=\"wp-image-1297\" srcset=\"https:\/\/cabanasdevendaval.com\/wp-content\/uploads\/2020\/06\/playa-malpica-1024x584.jpg 1024w, https:\/\/cabanasdevendaval.com\/wp-content\/uploads\/2020\/06\/playa-malpica-600x342.jpg 600w, https:\/\/cabanasdevendaval.com\/wp-content\/uploads\/2020\/06\/playa-malpica-300x171.jpg 300w, https:\/\/cabanasdevendaval.com\/wp-content\/uploads\/2020\/06\/playa-malpica-768x438.jpg 768w, https:\/\/cabanasdevendaval.com\/wp-content\/uploads\/2020\/06\/playa-malpica-1536x876.jpg 1536w, https:\/\/cabanasdevendaval.com\/wp-content\/uploads\/2020\/06\/playa-malpica-2048x1168.jpg 2048w, https:\/\/cabanasdevendaval.com\/wp-content\/uploads\/2020\/06\/playa-malpica-1170x667.jpg 1170w\" sizes=\"(max-width: 1024px) 100vw, 1024px\" \/><\/figure><\/li><li class=\"blocks-gallery-item\"><figure><img loading=\"lazy\" decoding=\"async\" width=\"1024\" height=\"683\" src=\"https:\/\/cabanasdevendaval.com\/wp-content\/uploads\/2020\/06\/dolmen-malpica-1024x683.jpg\" alt=\"\" data-id=\"1294\" data-full-url=\"http:\/\/cabanasdevendaval.com\/wp-content\/uploads\/2020\/06\/dolmen-malpica.jpg\" data-link=\"http:\/\/cabanasdevendaval.com\/entorno\/dolmen-malpica\/\" class=\"wp-image-1294\" srcset=\"https:\/\/cabanasdevendaval.com\/wp-content\/uploads\/2020\/06\/dolmen-malpica-1024x683.jpg 1024w, https:\/\/cabanasdevendaval.com\/wp-content\/uploads\/2020\/06\/dolmen-malpica-600x400.jpg 600w, https:\/\/cabanasdevendaval.com\/wp-content\/uploads\/2020\/06\/dolmen-malpica-300x200.jpg 300w, https:\/\/cabanasdevendaval.com\/wp-content\/uploads\/2020\/06\/dolmen-malpica-768x512.jpg 768w, https:\/\/cabanasdevendaval.com\/wp-content\/uploads\/2020\/06\/dolmen-malpica-1536x1024.jpg 1536w, https:\/\/cabanasdevendaval.com\/wp-content\/uploads\/2020\/06\/dolmen-malpica-2048x1366.jpg 2048w, https:\/\/cabanasdevendaval.com\/wp-content\/uploads\/2020\/06\/dolmen-malpica-1170x780.jpg 1170w\" sizes=\"(max-width: 1024px) 100vw, 1024px\" \/><\/figure><\/li><\/ul><\/figure><\/div><\/div><\/div><\/div><\/div><p><\/p>","protected":false},"excerpt":{"rendered":"","protected":false},"author":1,"featured_media":0,"parent":0,"menu_order":0,"comment_status":"closed","ping_status":"closed","template":"template-front-page.php","meta":{"inline_featured_image":false,"footnotes":""},"class_list":["post-1420","page","type-page","status-publish","hentry"],"_links":{"self":[{"href":"https:\/\/cabanasdevendaval.com\/gl\/wp-json\/wp\/v2\/pages\/1420"}],"collection":[{"href":"https:\/\/cabanasdevendaval.com\/gl\/wp-json\/wp\/v2\/pages"}],"about":[{"href":"https:\/\/cabanasdevendaval.com\/gl\/wp-json\/wp\/v2\/types\/page"}],"author":[{"embeddable":true,"href":"https:\/\/cabanasdevendaval.com\/gl\/wp-json\/wp\/v2\/users\/1"}],"replies":[{"embeddable":true,"href":"https:\/\/cabanasdevendaval.com\/gl\/wp-json\/wp\/v2\/comments?post=1420"}],"version-history":[{"count":15,"href":"https:\/\/cabanasdevendaval.com\/gl\/wp-json\/wp\/v2\/pages\/1420\/revisions"}],"predecessor-version":[{"id":2502,"href":"https:\/\/cabanasdevendaval.com\/gl\/wp-json\/wp\/v2\/pages\/1420\/revisions\/2502"}],"wp:attachment":[{"href":"https:\/\/cabanasdevendaval.com\/gl\/wp-json\/wp\/v2\/media?parent=1420"}],"curies":[{"name":"wp","href":"https:\/\/api.w.org\/{rel}","templated":true}]}}